{"id":15528,"date":"2026-03-23T18:38:04","date_gmt":"2026-03-23T21:38:04","guid":{"rendered":"https:\/\/tudumblog.com\/?page_id=15528"},"modified":"2026-03-27T20:49:31","modified_gmt":"2026-03-27T23:49:31","slug":"leer-articulos","status":"publish","type":"page","link":"https:\/\/tudumblog.com\/es\/leer-articulos\/","title":{"rendered":"Leer Art\u00edculos"},"content":{"rendered":"\t\t<div data-elementor-type=\"wp-page\" data-elementor-id=\"15528\" class=\"elementor elementor-15528 elementor-15498\" data-elementor-post-type=\"page\">\n\t\t\t\t<div class=\"elementor-element elementor-element-92d4135 e-flex e-con-boxed e-con e-parent\" data-id=\"92d4135\" data-element_type=\"container\" data-e-type=\"container\">\n\t\t\t\t\t<div class=\"e-con-inner\">\n\t\t\t\t<div class=\"elementor-element elementor-element-9fb870f elementor-widget elementor-widget-theme-site-logo elementor-widget-image\" data-id=\"9fb870f\" data-element_type=\"widget\" data-e-type=\"widget\" data-widget_type=\"theme-site-logo.default\">\n\t\t\t\t<div class=\"elementor-widget-container\">\n\t\t\t\t\t\t\t\t\t\t\t<a href=\"https:\/\/tudumblog.com\/es\/\">\n\t\t\t<img decoding=\"async\" width=\"290\" height=\"101\" src=\"https:\/\/tudumblog.com\/wp-content\/uploads\/2025\/04\/Logo-Principal1-1.png\" class=\"attachment-full size-full wp-image-9346\" alt=\"\" \/>\t\t\t\t<\/a>\n\t\t\t\t\t\t\t\t\t\t\t<\/div>\n\t\t\t\t<\/div>\n\t\t<div class=\"elementor-element elementor-element-7194f00 e-con-full e-flex e-con e-child\" data-id=\"7194f00\" data-element_type=\"container\" data-e-type=\"container\">\n\t\t<div class=\"elementor-element elementor-element-07c36f6 e-con-full e-flex e-con e-child\" data-id=\"07c36f6\" data-element_type=\"container\" data-e-type=\"container\" data-settings=\"{&quot;background_background&quot;:&quot;classic&quot;}\">\n\t\t\t\t<div class=\"elementor-element elementor-element-7760b45 elementor-widget elementor-widget-text-editor\" data-id=\"7760b45\" data-element_type=\"widget\" data-e-type=\"widget\" data-widget_type=\"text-editor.default\">\n\t\t\t\t<div class=\"elementor-widget-container\">\n\t\t\t\t\t\t\t\t\t<p style=\"text-align: center;\">\u00a1Ingrese el c\u00f3digo del art\u00edculo para leer!<\/p>\t\t\t\t\t\t\t\t<\/div>\n\t\t\t\t<\/div>\n\t\t\t\t<div class=\"elementor-element elementor-element-251884a elementor-widget elementor-widget-shortcode\" data-id=\"251884a\" data-element_type=\"widget\" data-e-type=\"widget\" data-widget_type=\"shortcode.default\">\n\t\t\t\t<div class=\"elementor-widget-container\">\n\t\t\t\t\t\n<style>\n.tudum-btn{cursor:pointer;}\n.tudum-btn:hover{background: #cb2a8b !important;}\n<\/style>\n\n<style>\n.tudum-form{\n    display:flex;\n    gap:6px;\n    flex-wrap:wrap;\n}\n\n.tudum-input{\n    flex:1;\n    min-width:0;\n    height:48px;\n    padding:0 16px;\n}\n\n.tudum-btn{\n    cursor:pointer;\n    height:48px;\n    padding:0 16px;\n    white-space:nowrap;\n    max-width:180px;\n}\n\n.tudum-btn:hover{\n    opacity:0.9;\n}\n\n.tudum-btn.full{\n    width:100%;\n    max-width:100%;\n}\n<\/style>\n\n<form method=\"get\" class=\"tudum-form\">\n<input class=\"tudum-input\" name=\"tudum_code\" placeholder=\"Introduce el c\u00f3digo\">\n\n<button class=\"tudum-btn\"\nstyle=\"background:#004bad;color:#fff;border:none;\">\nLeer Art\u00edculo<\/button>\n<\/form>\n\n<script>\ndocument.querySelectorAll('.tudum-form').forEach(form => {\n    const btn = form.querySelector('.tudum-btn');\n\n    if(btn.innerText.length > 12){\n        btn.classList.add('full');\n    }\n});\n<\/script>\n\n\t\t<div class=\"elementor-shortcode\"><\/div>\n\t\t\t\t\t\t<\/div>\n\t\t\t\t<\/div>\n\t\t\t\t<\/div>\n\t\t<div class=\"elementor-element elementor-element-998f373 e-con-full e-flex e-con e-child\" data-id=\"998f373\" data-element_type=\"container\" data-e-type=\"container\">\n\t\t\t\t<div class=\"elementor-element elementor-element-6956b1f elementor-widget elementor-widget-text-editor\" data-id=\"6956b1f\" data-element_type=\"widget\" data-e-type=\"widget\" data-widget_type=\"text-editor.default\">\n\t\t\t\t<div class=\"elementor-widget-container\">\n\t\t\t\t\t\t\t\t\t<p style=\"text-align: center;\">Visitas el blog y ves todos los art\u00edculos.<\/p>\t\t\t\t\t\t\t\t<\/div>\n\t\t\t\t<\/div>\n\t\t\t\t<div class=\"elementor-element elementor-element-cd2e7c1 elementor-widget__width-auto BtnColors2 elementor-mobile-align-justify elementor-widget-mobile__width-auto elementor-widget elementor-widget-button\" data-id=\"cd2e7c1\" data-element_type=\"widget\" data-e-type=\"widget\" data-widget_type=\"button.default\">\n\t\t\t\t<div class=\"elementor-widget-container\">\n\t\t\t\t\t\t\t\t\t<div class=\"elementor-button-wrapper\">\n\t\t\t\t\t<a class=\"elementor-button elementor-button-link elementor-size-md\" href=\"https:\/\/tudumblog.com\/es\/\">\n\t\t\t\t\t\t<span class=\"elementor-button-content-wrapper\">\n\t\t\t\t\t\t\t\t\t<span class=\"elementor-button-text\">Visitar el Blog<\/span>\n\t\t\t\t\t<\/span>\n\t\t\t\t\t<\/a>\n\t\t\t\t<\/div>\n\t\t\t\t\t\t\t\t<\/div>\n\t\t\t\t<\/div>\n\t\t\t\t<\/div>\n\t\t\t\t<\/div>\n\t\t\t\t\t<\/div>\n\t\t\t\t<\/div>\n\t\t\t\t<\/div>\n\t\t","protected":false},"excerpt":{"rendered":"<p>\u00a1Ingrese el c\u00f3digo del art\u00edculo para leer! Visitas el blog y ves todos los art\u00edculos. Visitar el Blog<\/p>\n","protected":false},"author":1,"featured_media":0,"parent":0,"menu_order":0,"comment_status":"closed","ping_status":"closed","template":"elementor_canvas","meta":{"footnotes":""},"class_list":["post-15528","page","type-page","status-publish","hentry"],"yoast_head":"<!-- This site is optimized with the Yoast SEO Premium plugin v26.0 (Yoast SEO v26.0) - https:\/\/yoast.com\/wordpress\/plugins\/seo\/ -->\n<title>Leer Art\u00edculos - Tudum blog<\/title>\n<meta name=\"robots\" content=\"index, follow, max-snippet:-1, max-image-preview:large, max-video-preview:-1\" \/>\n<link rel=\"canonical\" href=\"https:\/\/tudumblog.com\/es\/leer-articulos\/\" \/>\n<meta property=\"og:locale\" content=\"es_ES\" \/>\n<meta property=\"og:type\" content=\"article\" \/>\n<meta property=\"og:title\" content=\"Leer Art\u00edculos\" \/>\n<meta property=\"og:description\" content=\"\u00a1Ingrese el c\u00f3digo del art\u00edculo para leer! Visitas el blog y ves todos los art\u00edculos. Visitar el Blog\" \/>\n<meta property=\"og:url\" content=\"https:\/\/tudumblog.com\/es\/leer-articulos\/\" \/>\n<meta property=\"og:site_name\" content=\"Tudum blog\" \/>\n<meta property=\"article:modified_time\" content=\"2026-03-27T23:49:31+00:00\" \/>\n<meta name=\"twitter:card\" content=\"summary_large_image\" \/>\n<meta name=\"twitter:label1\" content=\"Tiempo de lectura\" \/>\n\t<meta name=\"twitter:data1\" content=\"1 minuto\" \/>\n<script type=\"application\/ld+json\" class=\"yoast-schema-graph\">{\"@context\":\"https:\/\/schema.org\",\"@graph\":[{\"@type\":\"WebPage\",\"@id\":\"https:\/\/tudumblog.com\/es\/leer-articulos\/\",\"url\":\"https:\/\/tudumblog.com\/es\/leer-articulos\/\",\"name\":\"Leer Art\u00edculos - Tudum blog\",\"isPartOf\":{\"@id\":\"https:\/\/tudumblog.com\/#website\"},\"datePublished\":\"2026-03-23T21:38:04+00:00\",\"dateModified\":\"2026-03-27T23:49:31+00:00\",\"breadcrumb\":{\"@id\":\"https:\/\/tudumblog.com\/es\/leer-articulos\/#breadcrumb\"},\"inLanguage\":\"es\",\"potentialAction\":[{\"@type\":\"ReadAction\",\"target\":[\"https:\/\/tudumblog.com\/es\/leer-articulos\/\"]}]},{\"@type\":\"BreadcrumbList\",\"@id\":\"https:\/\/tudumblog.com\/es\/leer-articulos\/#breadcrumb\",\"itemListElement\":[{\"@type\":\"ListItem\",\"position\":1,\"name\":\"In\u00edcio\",\"item\":\"https:\/\/tudumblog.com\/es\/\"},{\"@type\":\"ListItem\",\"position\":2,\"name\":\"Leer Art\u00edculos\"}]},{\"@type\":\"WebSite\",\"@id\":\"https:\/\/tudumblog.com\/#website\",\"url\":\"https:\/\/tudumblog.com\/\",\"name\":\"Tudum blog\",\"description\":\"Informa\u00e7\u00e3o e conte\u00fado, tudo em um s\u00f3 lugar!\",\"publisher\":{\"@id\":\"https:\/\/tudumblog.com\/#organization\"},\"potentialAction\":[{\"@type\":\"SearchAction\",\"target\":{\"@type\":\"EntryPoint\",\"urlTemplate\":\"https:\/\/tudumblog.com\/?s={search_term_string}\"},\"query-input\":{\"@type\":\"PropertyValueSpecification\",\"valueRequired\":true,\"valueName\":\"search_term_string\"}}],\"inLanguage\":\"es\"},{\"@type\":\"Organization\",\"@id\":\"https:\/\/tudumblog.com\/#organization\",\"name\":\"Tudum blog\",\"url\":\"https:\/\/tudumblog.com\/\",\"logo\":{\"@type\":\"ImageObject\",\"inLanguage\":\"es\",\"@id\":\"https:\/\/tudumblog.com\/#\/schema\/logo\/image\/\",\"url\":\"https:\/\/tudumblog.com\/wp-content\/uploads\/2025\/04\/Logo-Principal1-1.png\",\"contentUrl\":\"https:\/\/tudumblog.com\/wp-content\/uploads\/2025\/04\/Logo-Principal1-1.png\",\"width\":290,\"height\":101,\"caption\":\"Tudum blog\"},\"image\":{\"@id\":\"https:\/\/tudumblog.com\/#\/schema\/logo\/image\/\"},\"sameAs\":[\"https:\/\/br.pinterest.com\/tudumblog\",\"https:\/\/www.youtube.com\/@tudumblog\"]}]}<\/script>\n<!-- \/ Yoast SEO Premium plugin. -->","yoast_head_json":{"title":"Leer Art\u00edculos - Tudum blog","robots":{"index":"index","follow":"follow","max-snippet":"max-snippet:-1","max-image-preview":"max-image-preview:large","max-video-preview":"max-video-preview:-1"},"canonical":"https:\/\/tudumblog.com\/es\/leer-articulos\/","og_locale":"es_ES","og_type":"article","og_title":"Leer Art\u00edculos","og_description":"\u00a1Ingrese el c\u00f3digo del art\u00edculo para leer! Visitas el blog y ves todos los art\u00edculos. Visitar el Blog","og_url":"https:\/\/tudumblog.com\/es\/leer-articulos\/","og_site_name":"Tudum blog","article_modified_time":"2026-03-27T23:49:31+00:00","twitter_card":"summary_large_image","twitter_misc":{"Tiempo de lectura":"1 minuto"},"schema":{"@context":"https:\/\/schema.org","@graph":[{"@type":"WebPage","@id":"https:\/\/tudumblog.com\/es\/leer-articulos\/","url":"https:\/\/tudumblog.com\/es\/leer-articulos\/","name":"Leer Art\u00edculos - Tudum blog","isPartOf":{"@id":"https:\/\/tudumblog.com\/#website"},"datePublished":"2026-03-23T21:38:04+00:00","dateModified":"2026-03-27T23:49:31+00:00","breadcrumb":{"@id":"https:\/\/tudumblog.com\/es\/leer-articulos\/#breadcrumb"},"inLanguage":"es","potentialAction":[{"@type":"ReadAction","target":["https:\/\/tudumblog.com\/es\/leer-articulos\/"]}]},{"@type":"BreadcrumbList","@id":"https:\/\/tudumblog.com\/es\/leer-articulos\/#breadcrumb","itemListElement":[{"@type":"ListItem","position":1,"name":"In\u00edcio","item":"https:\/\/tudumblog.com\/es\/"},{"@type":"ListItem","position":2,"name":"Leer Art\u00edculos"}]},{"@type":"WebSite","@id":"https:\/\/tudumblog.com\/#website","url":"https:\/\/tudumblog.com\/","name":"Tudum blog","description":"Informa\u00e7\u00e3o e conte\u00fado, tudo em um s\u00f3 lugar!","publisher":{"@id":"https:\/\/tudumblog.com\/#organization"},"potentialAction":[{"@type":"SearchAction","target":{"@type":"EntryPoint","urlTemplate":"https:\/\/tudumblog.com\/?s={search_term_string}"},"query-input":{"@type":"PropertyValueSpecification","valueRequired":true,"valueName":"search_term_string"}}],"inLanguage":"es"},{"@type":"Organization","@id":"https:\/\/tudumblog.com\/#organization","name":"Tudum blog","url":"https:\/\/tudumblog.com\/","logo":{"@type":"ImageObject","inLanguage":"es","@id":"https:\/\/tudumblog.com\/#\/schema\/logo\/image\/","url":"https:\/\/tudumblog.com\/wp-content\/uploads\/2025\/04\/Logo-Principal1-1.png","contentUrl":"https:\/\/tudumblog.com\/wp-content\/uploads\/2025\/04\/Logo-Principal1-1.png","width":290,"height":101,"caption":"Tudum blog"},"image":{"@id":"https:\/\/tudumblog.com\/#\/schema\/logo\/image\/"},"sameAs":["https:\/\/br.pinterest.com\/tudumblog","https:\/\/www.youtube.com\/@tudumblog"]}]}},"_links":{"self":[{"href":"https:\/\/tudumblog.com\/es\/wp-json\/wp\/v2\/pages\/15528","targetHints":{"allow":["GET"]}}],"collection":[{"href":"https:\/\/tudumblog.com\/es\/wp-json\/wp\/v2\/pages"}],"about":[{"href":"https:\/\/tudumblog.com\/es\/wp-json\/wp\/v2\/types\/page"}],"author":[{"embeddable":true,"href":"https:\/\/tudumblog.com\/es\/wp-json\/wp\/v2\/users\/1"}],"replies":[{"embeddable":true,"href":"https:\/\/tudumblog.com\/es\/wp-json\/wp\/v2\/comments?post=15528"}],"version-history":[{"count":40,"href":"https:\/\/tudumblog.com\/es\/wp-json\/wp\/v2\/pages\/15528\/revisions"}],"predecessor-version":[{"id":15683,"href":"https:\/\/tudumblog.com\/es\/wp-json\/wp\/v2\/pages\/15528\/revisions\/15683"}],"wp:attachment":[{"href":"https:\/\/tudumblog.com\/es\/wp-json\/wp\/v2\/media?parent=15528"}],"curies":[{"name":"wp","href":"https:\/\/api.w.org\/{rel}","templated":true}]}}