{"id":10900,"date":"2025-05-02T11:30:19","date_gmt":"2025-05-02T14:30:19","guid":{"rendered":"https:\/\/tudumblog.com\/?page_id=10900"},"modified":"2025-05-05T19:13:17","modified_gmt":"2025-05-05T22:13:17","slug":"terminos-de-uso","status":"publish","type":"page","link":"https:\/\/tudumblog.com\/es\/terminos-de-uso\/","title":{"rendered":"T\u00e9rminos de Uso"},"content":{"rendered":"\t\t<div data-elementor-type=\"wp-page\" data-elementor-id=\"10900\" class=\"elementor elementor-10900 elementor-10369\" data-elementor-post-type=\"page\">\n\t\t\t\t<div class=\"elementor-element elementor-element-1288251 e-flex e-con-boxed e-con e-parent\" data-id=\"1288251\" data-element_type=\"container\" data-e-type=\"container\" data-settings=\"{&quot;background_background&quot;:&quot;classic&quot;}\">\n\t\t\t\t\t<div class=\"e-con-inner\">\n\t\t<div class=\"elementor-element elementor-element-ed35fff e-con-full e-flex e-con e-child\" data-id=\"ed35fff\" data-element_type=\"container\" data-e-type=\"container\">\n\t\t\t\t<div class=\"elementor-element elementor-element-7591611 titulo1 elementor-widget elementor-widget-heading\" data-id=\"7591611\" data-element_type=\"widget\" data-e-type=\"widget\" data-widget_type=\"heading.default\">\n\t\t\t\t<div class=\"elementor-widget-container\">\n\t\t\t\t\t<h2 class=\"elementor-heading-title elementor-size-default\">T\u00e9rminos de Uso<\/h2>\t\t\t\t<\/div>\n\t\t\t\t<\/div>\n\t\t\t\t<div class=\"elementor-element elementor-element-50b4fb9 Color1 elementor-widget-divider--view-line elementor-widget elementor-widget-divider\" data-id=\"50b4fb9\" data-element_type=\"widget\" data-e-type=\"widget\" data-widget_type=\"divider.default\">\n\t\t\t\t<div class=\"elementor-widget-container\">\n\t\t\t\t\t\t\t<div class=\"elementor-divider\">\n\t\t\t<span class=\"elementor-divider-separator\">\n\t\t\t\t\t\t<\/span>\n\t\t<\/div>\n\t\t\t\t\t\t<\/div>\n\t\t\t\t<\/div>\n\t\t\t\t<\/div>\n\t\t\t\t\t<\/div>\n\t\t\t\t<\/div>\n\t\t<div class=\"elementor-element elementor-element-2527125 e-flex e-con-boxed e-con e-parent\" data-id=\"2527125\" data-element_type=\"container\" data-e-type=\"container\" data-settings=\"{&quot;background_background&quot;:&quot;classic&quot;}\">\n\t\t\t\t\t<div class=\"e-con-inner\">\n\t\t<div class=\"elementor-element elementor-element-812ba98 e-con-full e-flex e-con e-child\" data-id=\"812ba98\" data-element_type=\"container\" data-e-type=\"container\">\n\t\t\t\t<div class=\"elementor-element elementor-element-c9d11aa elementor-widget elementor-widget-text-editor\" data-id=\"c9d11aa\" data-element_type=\"widget\" data-e-type=\"widget\" data-widget_type=\"text-editor.default\">\n\t\t\t\t<div class=\"elementor-widget-container\">\n\t\t\t\t\t\t\t\t\t<p class=\"\" data-start=\"2208\" data-end=\"2273\">Al acceder al <em data-start=\"2221\" data-end=\"2233\">Tudum Blog<\/em>, usted acepta los siguientes t\u00e9rminos:<\/p> <p class=\"\" data-start=\"2278\" data-end=\"2498\"><strong data-start=\"2278\" data-end=\"2298\">Uso del contenido:<\/strong><br data-start=\"2298\" data-end=\"2301\" \/>Todo el contenido publicado aqu\u00ed es informativo y no reemplaza asesoramiento profesional (m\u00e9dico, financiero, legal, etc.). Usted es responsable del uso de la informaci\u00f3n disponible en este sitio.<\/p> <p class=\"\" data-start=\"2503\" data-end=\"2670\"><strong data-start=\"2503\" data-end=\"2525\">Derechos de autor:<\/strong><br data-start=\"2525\" data-end=\"2528\" \/>Los textos, im\u00e1genes y dem\u00e1s elementos est\u00e1n protegidos por derechos de autor. No se permite copiar ni reproducir contenido sin autorizaci\u00f3n.<\/p> <p class=\"\" data-start=\"2675\" data-end=\"2884\"><strong data-start=\"2675\" data-end=\"2700\">Anuncios y asociaciones:<\/strong><br data-start=\"2700\" data-end=\"2703\" \/>Este sitio puede mostrar anuncios, enlaces patrocinados o materiales de socios. El <em data-start=\"2786\" data-end=\"2798\">Tudum Blog<\/em> no se hace responsable de los productos, servicios o informaci\u00f3n proporcionada por terceros.<\/p> <p class=\"\" data-start=\"2889\" data-end=\"3053\"><strong data-start=\"2889\" data-end=\"2906\">Modificaciones:<\/strong><br data-start=\"2906\" data-end=\"2909\" \/>Podemos cambiar estos t\u00e9rminos en cualquier momento, sin previo aviso. El uso continuo del sitio despu\u00e9s de los cambios implica la aceptaci\u00f3n de los nuevos t\u00e9rminos.<\/p> <p data-start=\"2086\" data-end=\"2147\"><\/p>\t\t\t\t\t\t\t\t<\/div>\n\t\t\t\t<\/div>\n\t\t\t\t<div class=\"elementor-element elementor-element-a2dc07d elementor-widget__width-inherit elementor-align-center BtnColors2 elementor-widget elementor-widget-button\" data-id=\"a2dc07d\" data-element_type=\"widget\" data-e-type=\"widget\" data-widget_type=\"button.default\">\n\t\t\t\t<div class=\"elementor-widget-container\">\n\t\t\t\t\t\t\t\t\t<div class=\"elementor-button-wrapper\">\n\t\t\t\t\t<a class=\"elementor-button elementor-button-link elementor-size-md\" href=\"https:\/\/tudumblog.com\/es\/\">\n\t\t\t\t\t\t<span class=\"elementor-button-content-wrapper\">\n\t\t\t\t\t\t<span class=\"elementor-button-icon\">\n\t\t\t\t<i aria-hidden=\"true\" class=\"fas fa-arrow-alt-circle-left\"><\/i>\t\t\t<\/span>\n\t\t\t\t\t\t\t\t\t<span class=\"elementor-button-text\">Volver al Sitio<\/span>\n\t\t\t\t\t<\/span>\n\t\t\t\t\t<\/a>\n\t\t\t\t<\/div>\n\t\t\t\t\t\t\t\t<\/div>\n\t\t\t\t<\/div>\n\t\t\t\t<\/div>\n\t\t\t\t\t<\/div>\n\t\t\t\t<\/div>\n\t\t\t\t<\/div>\n\t\t","protected":false},"excerpt":{"rendered":"<p>T\u00e9rminos de Uso Al acceder al Tudum Blog, usted acepta los siguientes t\u00e9rminos: Uso del contenido:Todo el contenido publicado aqu\u00ed es informativo y no reemplaza asesoramiento profesional (m\u00e9dico, financiero, legal, etc.). Usted es responsable del uso de la informaci\u00f3n disponible en este sitio. Derechos de autor:Los textos, im\u00e1genes y dem\u00e1s elementos est\u00e1n protegidos por derechos [&hellip;]<\/p>\n","protected":false},"author":1,"featured_media":0,"parent":0,"menu_order":0,"comment_status":"closed","ping_status":"closed","template":"elementor_header_footer","meta":{"footnotes":""},"class_list":["post-10900","page","type-page","status-publish","hentry"],"yoast_head":"<!-- This site is optimized with the Yoast SEO Premium plugin v26.0 (Yoast SEO v26.0) - https:\/\/yoast.com\/wordpress\/plugins\/seo\/ -->\n<title>T\u00e9rminos de Uso - Tudum blog<\/title>\n<meta name=\"robots\" content=\"index, follow, max-snippet:-1, max-image-preview:large, max-video-preview:-1\" \/>\n<link rel=\"canonical\" href=\"https:\/\/tudumblog.com\/es\/terminos-de-uso\/\" \/>\n<meta property=\"og:locale\" content=\"es_ES\" \/>\n<meta property=\"og:type\" content=\"article\" \/>\n<meta property=\"og:title\" content=\"T\u00e9rminos de Uso\" \/>\n<meta property=\"og:description\" content=\"T\u00e9rminos de Uso Al acceder al Tudum Blog, usted acepta los siguientes t\u00e9rminos: Uso del contenido:Todo el contenido publicado aqu\u00ed es informativo y no reemplaza asesoramiento profesional (m\u00e9dico, financiero, legal, etc.). Usted es responsable del uso de la informaci\u00f3n disponible en este sitio. Derechos de autor:Los textos, im\u00e1genes y dem\u00e1s elementos est\u00e1n protegidos por derechos [&hellip;]\" \/>\n<meta property=\"og:url\" content=\"https:\/\/tudumblog.com\/es\/terminos-de-uso\/\" \/>\n<meta property=\"og:site_name\" content=\"Tudum blog\" \/>\n<meta property=\"article:modified_time\" content=\"2025-05-05T22:13:17+00:00\" \/>\n<meta name=\"twitter:card\" content=\"summary_large_image\" \/>\n<meta name=\"twitter:label1\" content=\"Tiempo de lectura\" \/>\n\t<meta name=\"twitter:data1\" content=\"1 minuto\" \/>\n<script type=\"application\/ld+json\" class=\"yoast-schema-graph\">{\"@context\":\"https:\/\/schema.org\",\"@graph\":[{\"@type\":\"WebPage\",\"@id\":\"https:\/\/tudumblog.com\/es\/terminos-de-uso\/\",\"url\":\"https:\/\/tudumblog.com\/es\/terminos-de-uso\/\",\"name\":\"T\u00e9rminos de Uso - Tudum blog\",\"isPartOf\":{\"@id\":\"https:\/\/tudumblog.com\/#website\"},\"datePublished\":\"2025-05-02T14:30:19+00:00\",\"dateModified\":\"2025-05-05T22:13:17+00:00\",\"breadcrumb\":{\"@id\":\"https:\/\/tudumblog.com\/es\/terminos-de-uso\/#breadcrumb\"},\"inLanguage\":\"es\",\"potentialAction\":[{\"@type\":\"ReadAction\",\"target\":[\"https:\/\/tudumblog.com\/es\/terminos-de-uso\/\"]}]},{\"@type\":\"BreadcrumbList\",\"@id\":\"https:\/\/tudumblog.com\/es\/terminos-de-uso\/#breadcrumb\",\"itemListElement\":[{\"@type\":\"ListItem\",\"position\":1,\"name\":\"In\u00edcio\",\"item\":\"https:\/\/tudumblog.com\/es\/\"},{\"@type\":\"ListItem\",\"position\":2,\"name\":\"T\u00e9rminos de Uso\"}]},{\"@type\":\"WebSite\",\"@id\":\"https:\/\/tudumblog.com\/#website\",\"url\":\"https:\/\/tudumblog.com\/\",\"name\":\"Tudum blog\",\"description\":\"Informa\u00e7\u00e3o e conte\u00fado, tudo em um s\u00f3 lugar!\",\"publisher\":{\"@id\":\"https:\/\/tudumblog.com\/#organization\"},\"potentialAction\":[{\"@type\":\"SearchAction\",\"target\":{\"@type\":\"EntryPoint\",\"urlTemplate\":\"https:\/\/tudumblog.com\/?s={search_term_string}\"},\"query-input\":{\"@type\":\"PropertyValueSpecification\",\"valueRequired\":true,\"valueName\":\"search_term_string\"}}],\"inLanguage\":\"es\"},{\"@type\":\"Organization\",\"@id\":\"https:\/\/tudumblog.com\/#organization\",\"name\":\"Tudum blog\",\"url\":\"https:\/\/tudumblog.com\/\",\"logo\":{\"@type\":\"ImageObject\",\"inLanguage\":\"es\",\"@id\":\"https:\/\/tudumblog.com\/#\/schema\/logo\/image\/\",\"url\":\"https:\/\/tudumblog.com\/wp-content\/uploads\/2025\/04\/Logo-Principal1-1.png\",\"contentUrl\":\"https:\/\/tudumblog.com\/wp-content\/uploads\/2025\/04\/Logo-Principal1-1.png\",\"width\":290,\"height\":101,\"caption\":\"Tudum blog\"},\"image\":{\"@id\":\"https:\/\/tudumblog.com\/#\/schema\/logo\/image\/\"},\"sameAs\":[\"https:\/\/br.pinterest.com\/tudumblog\",\"https:\/\/www.youtube.com\/@tudumblog\"]}]}<\/script>\n<!-- \/ Yoast SEO Premium plugin. -->","yoast_head_json":{"title":"T\u00e9rminos de Uso - Tudum blog","robots":{"index":"index","follow":"follow","max-snippet":"max-snippet:-1","max-image-preview":"max-image-preview:large","max-video-preview":"max-video-preview:-1"},"canonical":"https:\/\/tudumblog.com\/es\/terminos-de-uso\/","og_locale":"es_ES","og_type":"article","og_title":"T\u00e9rminos de Uso","og_description":"T\u00e9rminos de Uso Al acceder al Tudum Blog, usted acepta los siguientes t\u00e9rminos: Uso del contenido:Todo el contenido publicado aqu\u00ed es informativo y no reemplaza asesoramiento profesional (m\u00e9dico, financiero, legal, etc.). Usted es responsable del uso de la informaci\u00f3n disponible en este sitio. Derechos de autor:Los textos, im\u00e1genes y dem\u00e1s elementos est\u00e1n protegidos por derechos [&hellip;]","og_url":"https:\/\/tudumblog.com\/es\/terminos-de-uso\/","og_site_name":"Tudum blog","article_modified_time":"2025-05-05T22:13:17+00:00","twitter_card":"summary_large_image","twitter_misc":{"Tiempo de lectura":"1 minuto"},"schema":{"@context":"https:\/\/schema.org","@graph":[{"@type":"WebPage","@id":"https:\/\/tudumblog.com\/es\/terminos-de-uso\/","url":"https:\/\/tudumblog.com\/es\/terminos-de-uso\/","name":"T\u00e9rminos de Uso - Tudum blog","isPartOf":{"@id":"https:\/\/tudumblog.com\/#website"},"datePublished":"2025-05-02T14:30:19+00:00","dateModified":"2025-05-05T22:13:17+00:00","breadcrumb":{"@id":"https:\/\/tudumblog.com\/es\/terminos-de-uso\/#breadcrumb"},"inLanguage":"es","potentialAction":[{"@type":"ReadAction","target":["https:\/\/tudumblog.com\/es\/terminos-de-uso\/"]}]},{"@type":"BreadcrumbList","@id":"https:\/\/tudumblog.com\/es\/terminos-de-uso\/#breadcrumb","itemListElement":[{"@type":"ListItem","position":1,"name":"In\u00edcio","item":"https:\/\/tudumblog.com\/es\/"},{"@type":"ListItem","position":2,"name":"T\u00e9rminos de Uso"}]},{"@type":"WebSite","@id":"https:\/\/tudumblog.com\/#website","url":"https:\/\/tudumblog.com\/","name":"Tudum blog","description":"Informa\u00e7\u00e3o e conte\u00fado, tudo em um s\u00f3 lugar!","publisher":{"@id":"https:\/\/tudumblog.com\/#organization"},"potentialAction":[{"@type":"SearchAction","target":{"@type":"EntryPoint","urlTemplate":"https:\/\/tudumblog.com\/?s={search_term_string}"},"query-input":{"@type":"PropertyValueSpecification","valueRequired":true,"valueName":"search_term_string"}}],"inLanguage":"es"},{"@type":"Organization","@id":"https:\/\/tudumblog.com\/#organization","name":"Tudum blog","url":"https:\/\/tudumblog.com\/","logo":{"@type":"ImageObject","inLanguage":"es","@id":"https:\/\/tudumblog.com\/#\/schema\/logo\/image\/","url":"https:\/\/tudumblog.com\/wp-content\/uploads\/2025\/04\/Logo-Principal1-1.png","contentUrl":"https:\/\/tudumblog.com\/wp-content\/uploads\/2025\/04\/Logo-Principal1-1.png","width":290,"height":101,"caption":"Tudum blog"},"image":{"@id":"https:\/\/tudumblog.com\/#\/schema\/logo\/image\/"},"sameAs":["https:\/\/br.pinterest.com\/tudumblog","https:\/\/www.youtube.com\/@tudumblog"]}]}},"_links":{"self":[{"href":"https:\/\/tudumblog.com\/es\/wp-json\/wp\/v2\/pages\/10900","targetHints":{"allow":["GET"]}}],"collection":[{"href":"https:\/\/tudumblog.com\/es\/wp-json\/wp\/v2\/pages"}],"about":[{"href":"https:\/\/tudumblog.com\/es\/wp-json\/wp\/v2\/types\/page"}],"author":[{"embeddable":true,"href":"https:\/\/tudumblog.com\/es\/wp-json\/wp\/v2\/users\/1"}],"replies":[{"embeddable":true,"href":"https:\/\/tudumblog.com\/es\/wp-json\/wp\/v2\/comments?post=10900"}],"version-history":[{"count":4,"href":"https:\/\/tudumblog.com\/es\/wp-json\/wp\/v2\/pages\/10900\/revisions"}],"predecessor-version":[{"id":10904,"href":"https:\/\/tudumblog.com\/es\/wp-json\/wp\/v2\/pages\/10900\/revisions\/10904"}],"wp:attachment":[{"href":"https:\/\/tudumblog.com\/es\/wp-json\/wp\/v2\/media?parent=10900"}],"curies":[{"name":"wp","href":"https:\/\/api.w.org\/{rel}","templated":true}]}}