{"id":10887,"date":"2025-05-05T18:47:55","date_gmt":"2025-05-05T21:47:55","guid":{"rendered":"https:\/\/tudumblog.com\/?page_id=10887"},"modified":"2026-01-23T16:59:30","modified_gmt":"2026-01-23T19:59:30","slug":"sobre-el-blog","status":"publish","type":"page","link":"https:\/\/tudumblog.com\/es\/sobre-el-blog\/","title":{"rendered":"Sobre el Blog"},"content":{"rendered":"\t\t<div data-elementor-type=\"wp-page\" data-elementor-id=\"10887\" class=\"elementor elementor-10887 elementor-10880\" data-elementor-post-type=\"page\">\n\t\t\t\t<div class=\"elementor-element elementor-element-713ce35 e-flex e-con-boxed e-con e-parent\" data-id=\"713ce35\" data-element_type=\"container\" data-e-type=\"container\" data-settings=\"{&quot;background_background&quot;:&quot;classic&quot;}\">\n\t\t\t\t\t<div class=\"e-con-inner\">\n\t\t<div class=\"elementor-element elementor-element-b17f919 e-con-full e-flex e-con e-child\" data-id=\"b17f919\" data-element_type=\"container\" data-e-type=\"container\">\n\t\t\t\t<div class=\"elementor-element elementor-element-009a018 titulo1 elementor-widget elementor-widget-heading\" data-id=\"009a018\" data-element_type=\"widget\" data-e-type=\"widget\" data-widget_type=\"heading.default\">\n\t\t\t\t<div class=\"elementor-widget-container\">\n\t\t\t\t\t<h2 class=\"elementor-heading-title elementor-size-default\">Sobre Tudum<\/h2>\t\t\t\t<\/div>\n\t\t\t\t<\/div>\n\t\t\t\t<div class=\"elementor-element elementor-element-2119732 Color1 elementor-widget-divider--view-line elementor-widget elementor-widget-divider\" data-id=\"2119732\" data-element_type=\"widget\" data-e-type=\"widget\" data-widget_type=\"divider.default\">\n\t\t\t\t<div class=\"elementor-widget-container\">\n\t\t\t\t\t\t\t<div class=\"elementor-divider\">\n\t\t\t<span class=\"elementor-divider-separator\">\n\t\t\t\t\t\t<\/span>\n\t\t<\/div>\n\t\t\t\t\t\t<\/div>\n\t\t\t\t<\/div>\n\t\t\t\t<\/div>\n\t\t\t\t\t<\/div>\n\t\t\t\t<\/div>\n\t\t<div class=\"elementor-element elementor-element-6dc39a5 e-flex e-con-boxed e-con e-child\" data-id=\"6dc39a5\" data-element_type=\"container\" data-e-type=\"container\">\n\t\t\t\t\t<div class=\"e-con-inner\">\n\t\t<div class=\"elementor-element elementor-element-1a79f97 e-con-full e-flex e-con e-child\" data-id=\"1a79f97\" data-element_type=\"container\" data-e-type=\"container\">\n\t\t\t\t<div class=\"elementor-element elementor-element-1440d8c elementor-widget elementor-widget-image\" data-id=\"1440d8c\" data-element_type=\"widget\" data-e-type=\"widget\" data-widget_type=\"image.default\">\n\t\t\t\t<div class=\"elementor-widget-container\">\n\t\t\t\t\t\t\t\t\t\t\t\t\t\t\t<img fetchpriority=\"high\" decoding=\"async\" width=\"367\" height=\"551\" src=\"https:\/\/tudumblog.com\/wp-content\/uploads\/2025\/05\/Imagens-e-galeria-de-fotos-min-4-1.jpg\" class=\"attachment-full size-full wp-image-11324\" alt=\"\" \/>\t\t\t\t\t\t\t\t\t\t\t\t\t\t\t<\/div>\n\t\t\t\t<\/div>\n\t\t\t\t<div class=\"elementor-element elementor-element-a884754 elementor-widget elementor-widget-image\" data-id=\"a884754\" data-element_type=\"widget\" data-e-type=\"widget\" data-widget_type=\"image.default\">\n\t\t\t\t<div class=\"elementor-widget-container\">\n\t\t\t\t\t\t\t\t\t\t\t\t\t\t\t<img decoding=\"async\" width=\"290\" height=\"101\" src=\"https:\/\/tudumblog.com\/wp-content\/uploads\/2025\/05\/Logo-Principal1-1.png\" class=\"attachment-full size-full wp-image-10731\" alt=\"\" \/>\t\t\t\t\t\t\t\t\t\t\t\t\t\t\t<\/div>\n\t\t\t\t<\/div>\n\t\t\t\t<\/div>\n\t\t<div class=\"elementor-element elementor-element-b82bde0 e-con-full e-flex e-con e-child\" data-id=\"b82bde0\" data-element_type=\"container\" data-e-type=\"container\">\n\t\t\t\t<div class=\"elementor-element elementor-element-74e08aa elementor-widget elementor-widget-text-editor\" data-id=\"74e08aa\" data-element_type=\"widget\" data-e-type=\"widget\" data-widget_type=\"text-editor.default\">\n\t\t\t\t<div class=\"elementor-widget-container\">\n\t\t\t\t\t\t\t\t\t<p class=\"\" data-start=\"215\" data-end=\"252\"><strong data-start=\"215\" data-end=\"252\">Tudum blog: \u00a1Todo en un solo lugar!<\/strong><\/p><p data-start=\"254\" data-end=\"462\">Hola, \u00bfc\u00f3mo est\u00e1s?<\/p><p>Soy Pedro Costa, Publicitario, Dise\u00f1ador Gr\u00e1fico, Dise\u00f1ador Web y Traffic Manager para Marketing Digital.<\/p><p class=\"\" data-start=\"254\" data-end=\"462\">Tambi\u00e9n soy el fundador de <strong>Tudum blog<\/strong> y otras empresas como <strong><a href=\"https:\/\/pokysites.com.br\/\" target=\"_blank\" rel=\"noopener\">Poky Sites<\/a><\/strong>, mi objetivo con este blog es ofrecer informaci\u00f3n \u00fatil, accesible y personalizada.<\/p><p>Creo que el conocimiento de calidad debe estar al alcance de todos, de forma clara, fiable y atractiva.<\/p><p class=\"\" data-start=\"464\" data-end=\"677\">Por eso intento producir algo diferente y, sobre todo, \u00fatil para mis lectores, a trav\u00e9s de contenidos en diferentes micro nichos, prestando siempre atenci\u00f3n a la calidad, la originalidad y las necesidades reales de las personas.<\/p><p>Mi misi\u00f3n con Tudum es ser una fuente pr\u00e1ctica de descubrimientos y aprendizaje en tu vida diaria.<\/p><p class=\"\" data-start=\"679\" data-end=\"757\">Bienvenido al Tudum blog: \u00a1todo lo que necesitas, en un solo lugar!<\/p>\t\t\t\t\t\t\t\t<\/div>\n\t\t\t\t<\/div>\n\t\t<div class=\"elementor-element elementor-element-bbc7b1a e-con-full e-flex e-con e-child\" data-id=\"bbc7b1a\" data-element_type=\"container\" data-e-type=\"container\">\n\t\t<div class=\"elementor-element elementor-element-b129d3b e-con-full e-flex e-con e-child\" data-id=\"b129d3b\" data-element_type=\"container\" data-e-type=\"container\">\n\t\t\t\t<div class=\"elementor-element elementor-element-9087c33 elementor-widget elementor-widget-image\" data-id=\"9087c33\" data-element_type=\"widget\" data-e-type=\"widget\" data-widget_type=\"image.default\">\n\t\t\t\t<div class=\"elementor-widget-container\">\n\t\t\t\t\t\t\t\t\t\t\t\t\t\t\t<img decoding=\"async\" width=\"1024\" height=\"1085\" src=\"https:\/\/tudumblog.com\/wp-content\/uploads\/2025\/06\/PCosta-min-2-1.jpg\" class=\"attachment-full size-full wp-image-12433\" alt=\"Fotograf\u00eda del autor del blog Pedro Costa\" \/>\t\t\t\t\t\t\t\t\t\t\t\t\t\t\t<\/div>\n\t\t\t\t<\/div>\n\t\t\t\t<\/div>\n\t\t<div class=\"elementor-element elementor-element-7fd2beb e-con-full e-flex e-con e-child\" data-id=\"7fd2beb\" data-element_type=\"container\" data-e-type=\"container\">\n\t\t\t\t<div class=\"elementor-element elementor-element-eaaa880 elementor-align-start Color1 elementor-widget__width-inherit elementor-icon-list--layout-traditional elementor-list-item-link-full_width elementor-widget elementor-widget-icon-list\" data-id=\"eaaa880\" data-element_type=\"widget\" data-e-type=\"widget\" data-widget_type=\"icon-list.default\">\n\t\t\t\t<div class=\"elementor-widget-container\">\n\t\t\t\t\t\t\t<ul class=\"elementor-icon-list-items\">\n\t\t\t\t\t\t\t<li class=\"elementor-icon-list-item\">\n\t\t\t\t\t\t\t\t\t\t\t<a href=\"https:\/\/br.pinterest.com\/tudumblog\/\" target=\"_blank\">\n\n\t\t\t\t\t\t\t\t\t\t\t\t<span class=\"elementor-icon-list-icon\">\n\t\t\t\t\t\t\t<i aria-hidden=\"true\" class=\"fab fa-pinterest\"><\/i>\t\t\t\t\t\t<\/span>\n\t\t\t\t\t\t\t\t\t\t<span class=\"elementor-icon-list-text\">@tudumblog<\/span>\n\t\t\t\t\t\t\t\t\t\t\t<\/a>\n\t\t\t\t\t\t\t\t\t<\/li>\n\t\t\t\t\t\t\t\t<li class=\"elementor-icon-list-item\">\n\t\t\t\t\t\t\t\t\t\t\t<a href=\"https:\/\/www.youtube.com\/@tudumblog\" target=\"_blank\">\n\n\t\t\t\t\t\t\t\t\t\t\t\t<span class=\"elementor-icon-list-icon\">\n\t\t\t\t\t\t\t<i aria-hidden=\"true\" class=\"fab fa-youtube\"><\/i>\t\t\t\t\t\t<\/span>\n\t\t\t\t\t\t\t\t\t\t<span class=\"elementor-icon-list-text\">@tudumblog<\/span>\n\t\t\t\t\t\t\t\t\t\t\t<\/a>\n\t\t\t\t\t\t\t\t\t<\/li>\n\t\t\t\t\t\t\t\t<li class=\"elementor-icon-list-item\">\n\t\t\t\t\t\t\t\t\t\t\t<a href=\"https:\/\/www.instagram.com\/tudumblog.esp\/\" target=\"_blank\">\n\n\t\t\t\t\t\t\t\t\t\t\t\t<span class=\"elementor-icon-list-icon\">\n\t\t\t\t\t\t\t<i aria-hidden=\"true\" class=\"fab fa-instagram\"><\/i>\t\t\t\t\t\t<\/span>\n\t\t\t\t\t\t\t\t\t\t<span class=\"elementor-icon-list-text\">@tudumblog.esp<\/span>\n\t\t\t\t\t\t\t\t\t\t\t<\/a>\n\t\t\t\t\t\t\t\t\t<\/li>\n\t\t\t\t\t\t\t\t<li class=\"elementor-icon-list-item\">\n\t\t\t\t\t\t\t\t\t\t\t<a href=\"https:\/\/www.instagram.com\/pedrymcosta\" target=\"_blank\">\n\n\t\t\t\t\t\t\t\t\t\t\t\t<span class=\"elementor-icon-list-icon\">\n\t\t\t\t\t\t\t<i aria-hidden=\"true\" class=\"fab fa-instagram\"><\/i>\t\t\t\t\t\t<\/span>\n\t\t\t\t\t\t\t\t\t\t<span class=\"elementor-icon-list-text\">@pedrymcosta<\/span>\n\t\t\t\t\t\t\t\t\t\t\t<\/a>\n\t\t\t\t\t\t\t\t\t<\/li>\n\t\t\t\t\t\t<\/ul>\n\t\t\t\t\t\t<\/div>\n\t\t\t\t<\/div>\n\t\t\t\t<\/div>\n\t\t\t\t<\/div>\n\t\t\t\t<\/div>\n\t\t\t\t\t<\/div>\n\t\t\t\t<\/div>\n\t\t\t\t<\/div>\n\t\t","protected":false},"excerpt":{"rendered":"<p>Sobre Tudum Tudum blog: \u00a1Todo en un solo lugar! Hola, \u00bfc\u00f3mo est\u00e1s? Soy Pedro Costa, Publicitario, Dise\u00f1ador Gr\u00e1fico, Dise\u00f1ador Web y Traffic Manager para Marketing Digital. Tambi\u00e9n soy el fundador de Tudum blog y otras empresas como Poky Sites, mi objetivo con este blog es ofrecer informaci\u00f3n \u00fatil, accesible y personalizada. Creo que el conocimiento [&hellip;]<\/p>\n","protected":false},"author":1,"featured_media":0,"parent":0,"menu_order":0,"comment_status":"closed","ping_status":"closed","template":"elementor_header_footer","meta":{"footnotes":""},"class_list":["post-10887","page","type-page","status-publish","hentry"],"yoast_head":"<!-- This site is optimized with the Yoast SEO Premium plugin v26.0 (Yoast SEO v26.0) - https:\/\/yoast.com\/wordpress\/plugins\/seo\/ -->\n<title>Sobre el Blog - Tudum blog<\/title>\n<meta name=\"robots\" content=\"index, follow, max-snippet:-1, max-image-preview:large, max-video-preview:-1\" \/>\n<link rel=\"canonical\" href=\"https:\/\/tudumblog.com\/sobre-o-blog\/\" \/>\n<meta property=\"og:locale\" content=\"es_ES\" \/>\n<meta property=\"og:type\" content=\"article\" \/>\n<meta property=\"og:title\" content=\"Sobre el Blog\" \/>\n<meta property=\"og:description\" content=\"Sobre Tudum Tudum blog: \u00a1Todo en un solo lugar! Hola, \u00bfc\u00f3mo est\u00e1s? Soy Pedro Costa, Publicitario, Dise\u00f1ador Gr\u00e1fico, Dise\u00f1ador Web y Traffic Manager para Marketing Digital. Tambi\u00e9n soy el fundador de Tudum blog y otras empresas como Poky Sites, mi objetivo con este blog es ofrecer informaci\u00f3n \u00fatil, accesible y personalizada. Creo que el conocimiento [&hellip;]\" \/>\n<meta property=\"og:url\" content=\"https:\/\/tudumblog.com\/sobre-o-blog\/\" \/>\n<meta property=\"og:site_name\" content=\"Tudum blog\" \/>\n<meta property=\"article:modified_time\" content=\"2026-01-23T19:59:30+00:00\" \/>\n<meta property=\"og:image\" content=\"http:\/\/tudumblog.com\/wp-content\/uploads\/2025\/05\/Imagens-e-galeria-de-fotos-min-4-1.jpg\" \/>\n<meta name=\"twitter:card\" content=\"summary_large_image\" \/>\n<meta name=\"twitter:label1\" content=\"Tiempo de lectura\" \/>\n\t<meta name=\"twitter:data1\" content=\"2 minutos\" \/>\n<script type=\"application\/ld+json\" class=\"yoast-schema-graph\">{\"@context\":\"https:\/\/schema.org\",\"@graph\":[{\"@type\":\"WebPage\",\"@id\":\"https:\/\/tudumblog.com\/sobre-o-blog\/\",\"url\":\"https:\/\/tudumblog.com\/sobre-o-blog\/\",\"name\":\"Sobre el Blog - Tudum blog\",\"isPartOf\":{\"@id\":\"https:\/\/tudumblog.com\/#website\"},\"primaryImageOfPage\":{\"@id\":\"https:\/\/tudumblog.com\/sobre-o-blog\/#primaryimage\"},\"image\":{\"@id\":\"https:\/\/tudumblog.com\/sobre-o-blog\/#primaryimage\"},\"thumbnailUrl\":\"http:\/\/tudumblog.com\/wp-content\/uploads\/2025\/05\/Imagens-e-galeria-de-fotos-min-4-1.jpg\",\"datePublished\":\"2025-05-05T21:47:55+00:00\",\"dateModified\":\"2026-01-23T19:59:30+00:00\",\"breadcrumb\":{\"@id\":\"https:\/\/tudumblog.com\/sobre-o-blog\/#breadcrumb\"},\"inLanguage\":\"es\",\"potentialAction\":[{\"@type\":\"ReadAction\",\"target\":[\"https:\/\/tudumblog.com\/sobre-o-blog\/\"]}]},{\"@type\":\"ImageObject\",\"inLanguage\":\"es\",\"@id\":\"https:\/\/tudumblog.com\/sobre-o-blog\/#primaryimage\",\"url\":\"http:\/\/tudumblog.com\/wp-content\/uploads\/2025\/05\/Imagens-e-galeria-de-fotos-min-4-1.jpg\",\"contentUrl\":\"http:\/\/tudumblog.com\/wp-content\/uploads\/2025\/05\/Imagens-e-galeria-de-fotos-min-4-1.jpg\"},{\"@type\":\"BreadcrumbList\",\"@id\":\"https:\/\/tudumblog.com\/sobre-o-blog\/#breadcrumb\",\"itemListElement\":[{\"@type\":\"ListItem\",\"position\":1,\"name\":\"In\u00edcio\",\"item\":\"https:\/\/tudumblog.com\/es\/\"},{\"@type\":\"ListItem\",\"position\":2,\"name\":\"Sobre el Blog\"}]},{\"@type\":\"WebSite\",\"@id\":\"https:\/\/tudumblog.com\/#website\",\"url\":\"https:\/\/tudumblog.com\/\",\"name\":\"Tudum blog\",\"description\":\"Informa\u00e7\u00e3o e conte\u00fado, tudo em um s\u00f3 lugar!\",\"publisher\":{\"@id\":\"https:\/\/tudumblog.com\/#organization\"},\"potentialAction\":[{\"@type\":\"SearchAction\",\"target\":{\"@type\":\"EntryPoint\",\"urlTemplate\":\"https:\/\/tudumblog.com\/?s={search_term_string}\"},\"query-input\":{\"@type\":\"PropertyValueSpecification\",\"valueRequired\":true,\"valueName\":\"search_term_string\"}}],\"inLanguage\":\"es\"},{\"@type\":\"Organization\",\"@id\":\"https:\/\/tudumblog.com\/#organization\",\"name\":\"Tudum blog\",\"url\":\"https:\/\/tudumblog.com\/\",\"logo\":{\"@type\":\"ImageObject\",\"inLanguage\":\"es\",\"@id\":\"https:\/\/tudumblog.com\/#\/schema\/logo\/image\/\",\"url\":\"https:\/\/tudumblog.com\/wp-content\/uploads\/2025\/04\/Logo-Principal1-1.png\",\"contentUrl\":\"https:\/\/tudumblog.com\/wp-content\/uploads\/2025\/04\/Logo-Principal1-1.png\",\"width\":290,\"height\":101,\"caption\":\"Tudum blog\"},\"image\":{\"@id\":\"https:\/\/tudumblog.com\/#\/schema\/logo\/image\/\"},\"sameAs\":[\"https:\/\/br.pinterest.com\/tudumblog\",\"https:\/\/www.youtube.com\/@tudumblog\"]}]}<\/script>\n<!-- \/ Yoast SEO Premium plugin. -->","yoast_head_json":{"title":"Sobre el Blog - Tudum blog","robots":{"index":"index","follow":"follow","max-snippet":"max-snippet:-1","max-image-preview":"max-image-preview:large","max-video-preview":"max-video-preview:-1"},"canonical":"https:\/\/tudumblog.com\/sobre-o-blog\/","og_locale":"es_ES","og_type":"article","og_title":"Sobre el Blog","og_description":"Sobre Tudum Tudum blog: \u00a1Todo en un solo lugar! Hola, \u00bfc\u00f3mo est\u00e1s? Soy Pedro Costa, Publicitario, Dise\u00f1ador Gr\u00e1fico, Dise\u00f1ador Web y Traffic Manager para Marketing Digital. Tambi\u00e9n soy el fundador de Tudum blog y otras empresas como Poky Sites, mi objetivo con este blog es ofrecer informaci\u00f3n \u00fatil, accesible y personalizada. Creo que el conocimiento [&hellip;]","og_url":"https:\/\/tudumblog.com\/sobre-o-blog\/","og_site_name":"Tudum blog","article_modified_time":"2026-01-23T19:59:30+00:00","og_image":[{"url":"http:\/\/tudumblog.com\/wp-content\/uploads\/2025\/05\/Imagens-e-galeria-de-fotos-min-4-1.jpg","type":"","width":"","height":""}],"twitter_card":"summary_large_image","twitter_misc":{"Tiempo de lectura":"2 minutos"},"schema":{"@context":"https:\/\/schema.org","@graph":[{"@type":"WebPage","@id":"https:\/\/tudumblog.com\/sobre-o-blog\/","url":"https:\/\/tudumblog.com\/sobre-o-blog\/","name":"Sobre el Blog - Tudum blog","isPartOf":{"@id":"https:\/\/tudumblog.com\/#website"},"primaryImageOfPage":{"@id":"https:\/\/tudumblog.com\/sobre-o-blog\/#primaryimage"},"image":{"@id":"https:\/\/tudumblog.com\/sobre-o-blog\/#primaryimage"},"thumbnailUrl":"http:\/\/tudumblog.com\/wp-content\/uploads\/2025\/05\/Imagens-e-galeria-de-fotos-min-4-1.jpg","datePublished":"2025-05-05T21:47:55+00:00","dateModified":"2026-01-23T19:59:30+00:00","breadcrumb":{"@id":"https:\/\/tudumblog.com\/sobre-o-blog\/#breadcrumb"},"inLanguage":"es","potentialAction":[{"@type":"ReadAction","target":["https:\/\/tudumblog.com\/sobre-o-blog\/"]}]},{"@type":"ImageObject","inLanguage":"es","@id":"https:\/\/tudumblog.com\/sobre-o-blog\/#primaryimage","url":"http:\/\/tudumblog.com\/wp-content\/uploads\/2025\/05\/Imagens-e-galeria-de-fotos-min-4-1.jpg","contentUrl":"http:\/\/tudumblog.com\/wp-content\/uploads\/2025\/05\/Imagens-e-galeria-de-fotos-min-4-1.jpg"},{"@type":"BreadcrumbList","@id":"https:\/\/tudumblog.com\/sobre-o-blog\/#breadcrumb","itemListElement":[{"@type":"ListItem","position":1,"name":"In\u00edcio","item":"https:\/\/tudumblog.com\/es\/"},{"@type":"ListItem","position":2,"name":"Sobre el Blog"}]},{"@type":"WebSite","@id":"https:\/\/tudumblog.com\/#website","url":"https:\/\/tudumblog.com\/","name":"Tudum blog","description":"Informa\u00e7\u00e3o e conte\u00fado, tudo em um s\u00f3 lugar!","publisher":{"@id":"https:\/\/tudumblog.com\/#organization"},"potentialAction":[{"@type":"SearchAction","target":{"@type":"EntryPoint","urlTemplate":"https:\/\/tudumblog.com\/?s={search_term_string}"},"query-input":{"@type":"PropertyValueSpecification","valueRequired":true,"valueName":"search_term_string"}}],"inLanguage":"es"},{"@type":"Organization","@id":"https:\/\/tudumblog.com\/#organization","name":"Tudum blog","url":"https:\/\/tudumblog.com\/","logo":{"@type":"ImageObject","inLanguage":"es","@id":"https:\/\/tudumblog.com\/#\/schema\/logo\/image\/","url":"https:\/\/tudumblog.com\/wp-content\/uploads\/2025\/04\/Logo-Principal1-1.png","contentUrl":"https:\/\/tudumblog.com\/wp-content\/uploads\/2025\/04\/Logo-Principal1-1.png","width":290,"height":101,"caption":"Tudum blog"},"image":{"@id":"https:\/\/tudumblog.com\/#\/schema\/logo\/image\/"},"sameAs":["https:\/\/br.pinterest.com\/tudumblog","https:\/\/www.youtube.com\/@tudumblog"]}]}},"_links":{"self":[{"href":"https:\/\/tudumblog.com\/es\/wp-json\/wp\/v2\/pages\/10887","targetHints":{"allow":["GET"]}}],"collection":[{"href":"https:\/\/tudumblog.com\/es\/wp-json\/wp\/v2\/pages"}],"about":[{"href":"https:\/\/tudumblog.com\/es\/wp-json\/wp\/v2\/types\/page"}],"author":[{"embeddable":true,"href":"https:\/\/tudumblog.com\/es\/wp-json\/wp\/v2\/users\/1"}],"replies":[{"embeddable":true,"href":"https:\/\/tudumblog.com\/es\/wp-json\/wp\/v2\/comments?post=10887"}],"version-history":[{"count":19,"href":"https:\/\/tudumblog.com\/es\/wp-json\/wp\/v2\/pages\/10887\/revisions"}],"predecessor-version":[{"id":14967,"href":"https:\/\/tudumblog.com\/es\/wp-json\/wp\/v2\/pages\/10887\/revisions\/14967"}],"wp:attachment":[{"href":"https:\/\/tudumblog.com\/es\/wp-json\/wp\/v2\/media?parent=10887"}],"curies":[{"name":"wp","href":"https:\/\/api.w.org\/{rel}","templated":true}]}}