{"id":10870,"date":"2020-08-27T21:03:14","date_gmt":"2020-08-28T00:03:14","guid":{"rendered":"https:\/\/tudumblog.com\/?page_id=10870"},"modified":"2025-05-07T00:35:04","modified_gmt":"2025-05-07T03:35:04","slug":"gracias-por-el-contacto","status":"publish","type":"page","link":"https:\/\/tudumblog.com\/es\/gracias-por-el-contacto\/","title":{"rendered":"Gracias por el Contacto"},"content":{"rendered":"\t\t<div data-elementor-type=\"wp-page\" data-elementor-id=\"10870\" class=\"elementor elementor-10870 elementor-572\" data-elementor-post-type=\"page\">\n\t\t\t\t<div class=\"elementor-element elementor-element-9606731 e-flex e-con-boxed e-con e-parent\" data-id=\"9606731\" data-element_type=\"container\" data-e-type=\"container\">\n\t\t\t\t\t<div class=\"e-con-inner\">\n\t\t<div class=\"elementor-element elementor-element-267cda8 e-con-full e-flex e-con e-child\" data-id=\"267cda8\" data-element_type=\"container\" data-e-type=\"container\">\n\t\t\t\t<div class=\"elementor-element elementor-element-645967a elementor-widget elementor-widget-theme-site-logo elementor-widget-image\" data-id=\"645967a\" data-element_type=\"widget\" data-e-type=\"widget\" data-widget_type=\"theme-site-logo.default\">\n\t\t\t\t<div class=\"elementor-widget-container\">\n\t\t\t\t\t\t\t\t\t\t\t<a href=\"https:\/\/tudumblog.com\/es\/\">\n\t\t\t<img decoding=\"async\" width=\"290\" height=\"101\" src=\"https:\/\/tudumblog.com\/wp-content\/uploads\/2025\/04\/Logo-Principal1-1.png\" class=\"attachment-full size-full wp-image-9346\" alt=\"\" \/>\t\t\t\t<\/a>\n\t\t\t\t\t\t\t\t\t\t\t<\/div>\n\t\t\t\t<\/div>\n\t\t\t\t<div class=\"elementor-element elementor-element-122648a titulo1 elementor-widget elementor-widget-heading\" data-id=\"122648a\" data-element_type=\"widget\" data-e-type=\"widget\" data-widget_type=\"heading.default\">\n\t\t\t\t<div class=\"elementor-widget-container\">\n\t\t\t\t\t<h2 class=\"elementor-heading-title elementor-size-default\">\u00a1Gracias, hemos recibido tu mensaje!<\/h2>\t\t\t\t<\/div>\n\t\t\t\t<\/div>\n\t\t\t\t<div class=\"elementor-element elementor-element-87e033b fontColor elementor-widget elementor-widget-heading\" data-id=\"87e033b\" data-element_type=\"widget\" data-e-type=\"widget\" data-widget_type=\"heading.default\">\n\t\t\t\t<div class=\"elementor-widget-container\">\n\t\t\t\t\t<h2 class=\"elementor-heading-title elementor-size-default\">Dentro de poco, nuestro equipo se pondr\u00e1 en<br> contacto contigo.<\/h2>\t\t\t\t<\/div>\n\t\t\t\t<\/div>\n\t\t<div class=\"elementor-element elementor-element-5cc2196 e-con-full e-flex e-con e-child\" data-id=\"5cc2196\" data-element_type=\"container\" data-e-type=\"container\">\n\t\t\t\t<div class=\"elementor-element elementor-element-cbd81e2 elementor-widget__width-inherit elementor-align-center elementor-mobile-align-center elementor-widget-mobile__width-inherit BtnColors2 elementor-widget elementor-widget-button\" data-id=\"cbd81e2\" data-element_type=\"widget\" data-e-type=\"widget\" data-widget_type=\"button.default\">\n\t\t\t\t<div class=\"elementor-widget-container\">\n\t\t\t\t\t\t\t\t\t<div class=\"elementor-button-wrapper\">\n\t\t\t\t\t<a class=\"elementor-button elementor-button-link elementor-size-md\" href=\"https:\/\/tudumblog.com\/es\/\">\n\t\t\t\t\t\t<span class=\"elementor-button-content-wrapper\">\n\t\t\t\t\t\t<span class=\"elementor-button-icon\">\n\t\t\t\t<i aria-hidden=\"true\" class=\"fas fa-arrow-alt-circle-left\"><\/i>\t\t\t<\/span>\n\t\t\t\t\t\t\t\t\t<span class=\"elementor-button-text\">VOLVER AL SITIO<\/span>\n\t\t\t\t\t<\/span>\n\t\t\t\t\t<\/a>\n\t\t\t\t<\/div>\n\t\t\t\t\t\t\t\t<\/div>\n\t\t\t\t<\/div>\n\t\t\t\t<\/div>\n\t\t\t\t<\/div>\n\t\t\t\t\t<\/div>\n\t\t\t\t<\/div>\n\t\t\t\t<\/div>\n\t\t","protected":false},"excerpt":{"rendered":"<p>\u00a1Gracias, hemos recibido tu mensaje! Dentro de poco, nuestro equipo se pondr\u00e1 en contacto contigo. VOLVER AL SITIO<\/p>\n","protected":false},"author":1,"featured_media":0,"parent":0,"menu_order":0,"comment_status":"closed","ping_status":"closed","template":"elementor_canvas","meta":{"footnotes":""},"class_list":["post-10870","page","type-page","status-publish","hentry"],"yoast_head":"<!-- This site is optimized with the Yoast SEO Premium plugin v26.0 (Yoast SEO v26.0) - https:\/\/yoast.com\/wordpress\/plugins\/seo\/ -->\n<title>Gracias por el Contacto - Tudum blog<\/title>\n<meta name=\"robots\" content=\"index, follow, max-snippet:-1, max-image-preview:large, max-video-preview:-1\" \/>\n<link rel=\"canonical\" href=\"https:\/\/tudumblog.com\/es\/gracias-por-el-contacto\/\" \/>\n<meta property=\"og:locale\" content=\"es_ES\" \/>\n<meta property=\"og:type\" content=\"article\" \/>\n<meta property=\"og:title\" content=\"Gracias por el Contacto\" \/>\n<meta property=\"og:description\" content=\"\u00a1Gracias, hemos recibido tu mensaje! Dentro de poco, nuestro equipo se pondr\u00e1 en contacto contigo. VOLVER AL SITIO\" \/>\n<meta property=\"og:url\" content=\"https:\/\/tudumblog.com\/es\/gracias-por-el-contacto\/\" \/>\n<meta property=\"og:site_name\" content=\"Tudum blog\" \/>\n<meta property=\"article:modified_time\" content=\"2025-05-07T03:35:04+00:00\" \/>\n<meta name=\"twitter:card\" content=\"summary_large_image\" \/>\n<meta name=\"twitter:label1\" content=\"Tiempo de lectura\" \/>\n\t<meta name=\"twitter:data1\" content=\"1 minuto\" \/>\n<script type=\"application\/ld+json\" class=\"yoast-schema-graph\">{\"@context\":\"https:\/\/schema.org\",\"@graph\":[{\"@type\":\"WebPage\",\"@id\":\"https:\/\/tudumblog.com\/es\/gracias-por-el-contacto\/\",\"url\":\"https:\/\/tudumblog.com\/es\/gracias-por-el-contacto\/\",\"name\":\"Gracias por el Contacto - Tudum blog\",\"isPartOf\":{\"@id\":\"https:\/\/tudumblog.com\/#website\"},\"datePublished\":\"2020-08-28T00:03:14+00:00\",\"dateModified\":\"2025-05-07T03:35:04+00:00\",\"breadcrumb\":{\"@id\":\"https:\/\/tudumblog.com\/es\/gracias-por-el-contacto\/#breadcrumb\"},\"inLanguage\":\"es\",\"potentialAction\":[{\"@type\":\"ReadAction\",\"target\":[\"https:\/\/tudumblog.com\/es\/gracias-por-el-contacto\/\"]}]},{\"@type\":\"BreadcrumbList\",\"@id\":\"https:\/\/tudumblog.com\/es\/gracias-por-el-contacto\/#breadcrumb\",\"itemListElement\":[{\"@type\":\"ListItem\",\"position\":1,\"name\":\"In\u00edcio\",\"item\":\"https:\/\/tudumblog.com\/es\/\"},{\"@type\":\"ListItem\",\"position\":2,\"name\":\"Gracias por el Contacto\"}]},{\"@type\":\"WebSite\",\"@id\":\"https:\/\/tudumblog.com\/#website\",\"url\":\"https:\/\/tudumblog.com\/\",\"name\":\"Tudum blog\",\"description\":\"Informa\u00e7\u00e3o e conte\u00fado, tudo em um s\u00f3 lugar!\",\"publisher\":{\"@id\":\"https:\/\/tudumblog.com\/#organization\"},\"potentialAction\":[{\"@type\":\"SearchAction\",\"target\":{\"@type\":\"EntryPoint\",\"urlTemplate\":\"https:\/\/tudumblog.com\/?s={search_term_string}\"},\"query-input\":{\"@type\":\"PropertyValueSpecification\",\"valueRequired\":true,\"valueName\":\"search_term_string\"}}],\"inLanguage\":\"es\"},{\"@type\":\"Organization\",\"@id\":\"https:\/\/tudumblog.com\/#organization\",\"name\":\"Tudum blog\",\"url\":\"https:\/\/tudumblog.com\/\",\"logo\":{\"@type\":\"ImageObject\",\"inLanguage\":\"es\",\"@id\":\"https:\/\/tudumblog.com\/#\/schema\/logo\/image\/\",\"url\":\"https:\/\/tudumblog.com\/wp-content\/uploads\/2025\/04\/Logo-Principal1-1.png\",\"contentUrl\":\"https:\/\/tudumblog.com\/wp-content\/uploads\/2025\/04\/Logo-Principal1-1.png\",\"width\":290,\"height\":101,\"caption\":\"Tudum blog\"},\"image\":{\"@id\":\"https:\/\/tudumblog.com\/#\/schema\/logo\/image\/\"},\"sameAs\":[\"https:\/\/br.pinterest.com\/tudumblog\",\"https:\/\/www.youtube.com\/@tudumblog\"]}]}<\/script>\n<!-- \/ Yoast SEO Premium plugin. -->","yoast_head_json":{"title":"Gracias por el Contacto - Tudum blog","robots":{"index":"index","follow":"follow","max-snippet":"max-snippet:-1","max-image-preview":"max-image-preview:large","max-video-preview":"max-video-preview:-1"},"canonical":"https:\/\/tudumblog.com\/es\/gracias-por-el-contacto\/","og_locale":"es_ES","og_type":"article","og_title":"Gracias por el Contacto","og_description":"\u00a1Gracias, hemos recibido tu mensaje! Dentro de poco, nuestro equipo se pondr\u00e1 en contacto contigo. VOLVER AL SITIO","og_url":"https:\/\/tudumblog.com\/es\/gracias-por-el-contacto\/","og_site_name":"Tudum blog","article_modified_time":"2025-05-07T03:35:04+00:00","twitter_card":"summary_large_image","twitter_misc":{"Tiempo de lectura":"1 minuto"},"schema":{"@context":"https:\/\/schema.org","@graph":[{"@type":"WebPage","@id":"https:\/\/tudumblog.com\/es\/gracias-por-el-contacto\/","url":"https:\/\/tudumblog.com\/es\/gracias-por-el-contacto\/","name":"Gracias por el Contacto - Tudum blog","isPartOf":{"@id":"https:\/\/tudumblog.com\/#website"},"datePublished":"2020-08-28T00:03:14+00:00","dateModified":"2025-05-07T03:35:04+00:00","breadcrumb":{"@id":"https:\/\/tudumblog.com\/es\/gracias-por-el-contacto\/#breadcrumb"},"inLanguage":"es","potentialAction":[{"@type":"ReadAction","target":["https:\/\/tudumblog.com\/es\/gracias-por-el-contacto\/"]}]},{"@type":"BreadcrumbList","@id":"https:\/\/tudumblog.com\/es\/gracias-por-el-contacto\/#breadcrumb","itemListElement":[{"@type":"ListItem","position":1,"name":"In\u00edcio","item":"https:\/\/tudumblog.com\/es\/"},{"@type":"ListItem","position":2,"name":"Gracias por el Contacto"}]},{"@type":"WebSite","@id":"https:\/\/tudumblog.com\/#website","url":"https:\/\/tudumblog.com\/","name":"Tudum blog","description":"Informa\u00e7\u00e3o e conte\u00fado, tudo em um s\u00f3 lugar!","publisher":{"@id":"https:\/\/tudumblog.com\/#organization"},"potentialAction":[{"@type":"SearchAction","target":{"@type":"EntryPoint","urlTemplate":"https:\/\/tudumblog.com\/?s={search_term_string}"},"query-input":{"@type":"PropertyValueSpecification","valueRequired":true,"valueName":"search_term_string"}}],"inLanguage":"es"},{"@type":"Organization","@id":"https:\/\/tudumblog.com\/#organization","name":"Tudum blog","url":"https:\/\/tudumblog.com\/","logo":{"@type":"ImageObject","inLanguage":"es","@id":"https:\/\/tudumblog.com\/#\/schema\/logo\/image\/","url":"https:\/\/tudumblog.com\/wp-content\/uploads\/2025\/04\/Logo-Principal1-1.png","contentUrl":"https:\/\/tudumblog.com\/wp-content\/uploads\/2025\/04\/Logo-Principal1-1.png","width":290,"height":101,"caption":"Tudum blog"},"image":{"@id":"https:\/\/tudumblog.com\/#\/schema\/logo\/image\/"},"sameAs":["https:\/\/br.pinterest.com\/tudumblog","https:\/\/www.youtube.com\/@tudumblog"]}]}},"_links":{"self":[{"href":"https:\/\/tudumblog.com\/es\/wp-json\/wp\/v2\/pages\/10870","targetHints":{"allow":["GET"]}}],"collection":[{"href":"https:\/\/tudumblog.com\/es\/wp-json\/wp\/v2\/pages"}],"about":[{"href":"https:\/\/tudumblog.com\/es\/wp-json\/wp\/v2\/types\/page"}],"author":[{"embeddable":true,"href":"https:\/\/tudumblog.com\/es\/wp-json\/wp\/v2\/users\/1"}],"replies":[{"embeddable":true,"href":"https:\/\/tudumblog.com\/es\/wp-json\/wp\/v2\/comments?post=10870"}],"version-history":[{"count":7,"href":"https:\/\/tudumblog.com\/es\/wp-json\/wp\/v2\/pages\/10870\/revisions"}],"predecessor-version":[{"id":11072,"href":"https:\/\/tudumblog.com\/es\/wp-json\/wp\/v2\/pages\/10870\/revisions\/11072"}],"wp:attachment":[{"href":"https:\/\/tudumblog.com\/es\/wp-json\/wp\/v2\/media?parent=10870"}],"curies":[{"name":"wp","href":"https:\/\/api.w.org\/{rel}","templated":true}]}}