{"id":15725,"date":"2026-04-02T10:59:48","date_gmt":"2026-04-02T13:59:48","guid":{"rendered":"https:\/\/tudumblog.com\/?page_id=15725"},"modified":"2026-04-02T11:45:44","modified_gmt":"2026-04-02T14:45:44","slug":"languages","status":"publish","type":"page","link":"https:\/\/tudumblog.com\/en\/languages\/","title":{"rendered":"Languages"},"content":{"rendered":"\t\t<div data-elementor-type=\"wp-page\" data-elementor-id=\"15725\" class=\"elementor elementor-15725\" data-elementor-post-type=\"page\">\n\t\t\t\t<div class=\"elementor-element elementor-element-c1d3e9b e-flex e-con-boxed e-con e-parent\" data-id=\"c1d3e9b\" data-element_type=\"container\" data-e-type=\"container\">\n\t\t\t\t\t<div class=\"e-con-inner\">\n\t\t\t\t<div class=\"elementor-element elementor-element-4528f75 elementor-widget elementor-widget-theme-site-logo elementor-widget-image\" data-id=\"4528f75\" data-element_type=\"widget\" data-e-type=\"widget\" data-widget_type=\"theme-site-logo.default\">\n\t\t\t\t<div class=\"elementor-widget-container\">\n\t\t\t\t\t\t\t\t\t\t\t<a href=\"https:\/\/tudumblog.com\/en\/\">\n\t\t\t<img decoding=\"async\" width=\"290\" height=\"101\" src=\"https:\/\/tudumblog.com\/wp-content\/uploads\/2025\/04\/Logo-Principal1-1.png\" class=\"attachment-full size-full wp-image-9346\" alt=\"\" \/>\t\t\t\t<\/a>\n\t\t\t\t\t\t\t\t\t\t\t<\/div>\n\t\t\t\t<\/div>\n\t\t<div class=\"elementor-element elementor-element-2d9c2f9 e-con-full e-flex e-con e-child\" data-id=\"2d9c2f9\" data-element_type=\"container\" data-e-type=\"container\">\n\t\t<div data-premium-element-link=\"{&quot;type&quot;:&quot;url&quot;,&quot;link&quot;:{&quot;url&quot;:&quot;https:\\\/\\\/tudumblog.com\\\/en&quot;,&quot;is_external&quot;:&quot;&quot;,&quot;nofollow&quot;:&quot;&quot;,&quot;custom_attributes&quot;:&quot;&quot;},&quot;href&quot;:&quot;https:\\\/\\\/tudumblog.com\\\/en&quot;}\" style=\"cursor: pointer\" class=\"elementor-element elementor-element-63e297a e-con-full premium-wrapper-link-yes e-flex e-con e-child\" data-id=\"63e297a\" data-element_type=\"container\" data-e-type=\"container\">\n\t\t\t\t<div class=\"elementor-element elementor-element-0c1186d elementor-widget elementor-widget-image\" data-id=\"0c1186d\" data-element_type=\"widget\" data-e-type=\"widget\" data-widget_type=\"image.default\">\n\t\t\t\t<div class=\"elementor-widget-container\">\n\t\t\t\t\t\t\t\t\t\t\t\t\t\t\t\t<a href=\"https:\/\/tudumblog.com\/en\">\n\t\t\t\t\t\t\t<img fetchpriority=\"high\" decoding=\"async\" width=\"370\" height=\"243\" src=\"https:\/\/tudumblog.com\/wp-content\/uploads\/2026\/04\/England.jpg\" class=\"attachment-full size-full wp-image-15751\" alt=\"\" \/>\t\t\t\t\t\t\t\t<\/a>\n\t\t\t\t\t\t\t\t\t\t\t\t\t\t\t<\/div>\n\t\t\t\t<\/div>\n\t\t\t\t<div class=\"elementor-element elementor-element-8e3797d elementor-widget elementor-widget-text-editor\" data-id=\"8e3797d\" data-element_type=\"widget\" data-e-type=\"widget\" data-widget_type=\"text-editor.default\">\n\t\t\t\t<div class=\"elementor-widget-container\">\n\t\t\t\t\t\t\t\t\t<p style=\"text-align: center;\">English<\/p>\t\t\t\t\t\t\t\t<\/div>\n\t\t\t\t<\/div>\n\t\t\t\t<\/div>\n\t\t<div data-premium-element-link=\"{&quot;type&quot;:&quot;url&quot;,&quot;link&quot;:{&quot;url&quot;:&quot;https:\\\/\\\/tudumblog.com\\\/&quot;,&quot;is_external&quot;:&quot;&quot;,&quot;nofollow&quot;:&quot;&quot;,&quot;custom_attributes&quot;:&quot;&quot;},&quot;href&quot;:&quot;https:\\\/\\\/tudumblog.com\\\/&quot;}\" style=\"cursor: pointer\" class=\"elementor-element elementor-element-cf3fde1 e-con-full premium-wrapper-link-yes e-flex e-con e-child\" data-id=\"cf3fde1\" data-element_type=\"container\" data-e-type=\"container\">\n\t\t\t\t<div class=\"elementor-element elementor-element-eae36bd elementor-widget elementor-widget-image\" data-id=\"eae36bd\" data-element_type=\"widget\" data-e-type=\"widget\" data-widget_type=\"image.default\">\n\t\t\t\t<div class=\"elementor-widget-container\">\n\t\t\t\t\t\t\t\t\t\t\t\t\t\t\t\t<a href=\"https:\/\/tudumblog.com\">\n\t\t\t\t\t\t\t<img decoding=\"async\" width=\"370\" height=\"243\" src=\"https:\/\/tudumblog.com\/wp-content\/uploads\/2026\/04\/chrome-capture-2026-4-2_0000_chrome-capture-2026-4-2-2.jpg\" class=\"attachment-full size-full wp-image-15733\" alt=\"Brasil\" \/>\t\t\t\t\t\t\t\t<\/a>\n\t\t\t\t\t\t\t\t\t\t\t\t\t\t\t<\/div>\n\t\t\t\t<\/div>\n\t\t\t\t<div class=\"elementor-element elementor-element-8adab4d elementor-widget elementor-widget-text-editor\" data-id=\"8adab4d\" data-element_type=\"widget\" data-e-type=\"widget\" data-widget_type=\"text-editor.default\">\n\t\t\t\t<div class=\"elementor-widget-container\">\n\t\t\t\t\t\t\t\t\t<p style=\"text-align: center;\">Portugu\u00eas<\/p>\t\t\t\t\t\t\t\t<\/div>\n\t\t\t\t<\/div>\n\t\t\t\t<\/div>\n\t\t<div data-premium-element-link=\"{&quot;type&quot;:&quot;url&quot;,&quot;link&quot;:{&quot;url&quot;:&quot;https:\\\/\\\/tudumblog.com\\\/es&quot;,&quot;is_external&quot;:&quot;&quot;,&quot;nofollow&quot;:&quot;&quot;,&quot;custom_attributes&quot;:&quot;&quot;},&quot;href&quot;:&quot;https:\\\/\\\/tudumblog.com\\\/es&quot;}\" style=\"cursor: pointer\" class=\"elementor-element elementor-element-0ea0a52 e-con-full premium-wrapper-link-yes e-flex e-con e-child\" data-id=\"0ea0a52\" data-element_type=\"container\" data-e-type=\"container\">\n\t\t\t\t<div class=\"elementor-element elementor-element-0a4d6c2 elementor-widget elementor-widget-image\" data-id=\"0a4d6c2\" data-element_type=\"widget\" data-e-type=\"widget\" data-widget_type=\"image.default\">\n\t\t\t\t<div class=\"elementor-widget-container\">\n\t\t\t\t\t\t\t\t\t\t\t\t\t\t\t\t<a href=\"https:\/\/tudumblog.com\/es\">\n\t\t\t\t\t\t\t<img loading=\"lazy\" decoding=\"async\" width=\"370\" height=\"243\" src=\"https:\/\/tudumblog.com\/wp-content\/uploads\/2026\/04\/chrome-capture-2026-4-2_0002_Camada-1.jpg\" class=\"attachment-full size-full wp-image-15736\" alt=\"Espanha\" \/>\t\t\t\t\t\t\t\t<\/a>\n\t\t\t\t\t\t\t\t\t\t\t\t\t\t\t<\/div>\n\t\t\t\t<\/div>\n\t\t\t\t<div class=\"elementor-element elementor-element-56214d9 elementor-widget elementor-widget-text-editor\" data-id=\"56214d9\" data-element_type=\"widget\" data-e-type=\"widget\" data-widget_type=\"text-editor.default\">\n\t\t\t\t<div class=\"elementor-widget-container\">\n\t\t\t\t\t\t\t\t\t<p style=\"text-align: center;\">Espa\u00f1ol<\/p>\t\t\t\t\t\t\t\t<\/div>\n\t\t\t\t<\/div>\n\t\t\t\t<\/div>\n\t\t\t\t<\/div>\n\t\t\t\t\t<\/div>\n\t\t\t\t<\/div>\n\t\t\t\t<\/div>\n\t\t","protected":false},"excerpt":{"rendered":"<p>English Portugu\u00eas Espa\u00f1ol<\/p>\n","protected":false},"author":1,"featured_media":0,"parent":0,"menu_order":0,"comment_status":"closed","ping_status":"closed","template":"elementor_canvas","meta":{"footnotes":""},"class_list":["post-15725","page","type-page","status-publish","hentry"],"yoast_head":"<!-- This site is optimized with the Yoast SEO Premium plugin v26.0 (Yoast SEO v26.0) - https:\/\/yoast.com\/wordpress\/plugins\/seo\/ -->\n<title>Languages - Tudum blog<\/title>\n<meta name=\"robots\" content=\"index, follow, max-snippet:-1, max-image-preview:large, max-video-preview:-1\" \/>\n<link rel=\"canonical\" href=\"https:\/\/tudumblog.com\/en\/languages\/\" \/>\n<meta property=\"og:locale\" content=\"en_US\" \/>\n<meta property=\"og:type\" content=\"article\" \/>\n<meta property=\"og:title\" content=\"Languages\" \/>\n<meta property=\"og:description\" content=\"English Portugu\u00eas Espa\u00f1ol\" \/>\n<meta property=\"og:url\" content=\"https:\/\/tudumblog.com\/en\/languages\/\" \/>\n<meta property=\"og:site_name\" content=\"Tudum blog\" \/>\n<meta property=\"article:modified_time\" content=\"2026-04-02T14:45:44+00:00\" \/>\n<meta property=\"og:image\" content=\"http:\/\/tudumblog.com\/wp-content\/uploads\/2026\/04\/England.jpg\" \/>\n<meta name=\"twitter:card\" content=\"summary_large_image\" \/>\n<meta name=\"twitter:label1\" content=\"Est. reading time\" \/>\n\t<meta name=\"twitter:data1\" content=\"1 minute\" \/>\n<script type=\"application\/ld+json\" class=\"yoast-schema-graph\">{\"@context\":\"https:\/\/schema.org\",\"@graph\":[{\"@type\":\"WebPage\",\"@id\":\"https:\/\/tudumblog.com\/en\/languages\/\",\"url\":\"https:\/\/tudumblog.com\/en\/languages\/\",\"name\":\"Languages - Tudum blog\",\"isPartOf\":{\"@id\":\"https:\/\/tudumblog.com\/#website\"},\"primaryImageOfPage\":{\"@id\":\"https:\/\/tudumblog.com\/en\/languages\/#primaryimage\"},\"image\":{\"@id\":\"https:\/\/tudumblog.com\/en\/languages\/#primaryimage\"},\"thumbnailUrl\":\"http:\/\/tudumblog.com\/wp-content\/uploads\/2026\/04\/England.jpg\",\"datePublished\":\"2026-04-02T13:59:48+00:00\",\"dateModified\":\"2026-04-02T14:45:44+00:00\",\"breadcrumb\":{\"@id\":\"https:\/\/tudumblog.com\/en\/languages\/#breadcrumb\"},\"inLanguage\":\"en-US\",\"potentialAction\":[{\"@type\":\"ReadAction\",\"target\":[\"https:\/\/tudumblog.com\/en\/languages\/\"]}]},{\"@type\":\"ImageObject\",\"inLanguage\":\"en-US\",\"@id\":\"https:\/\/tudumblog.com\/en\/languages\/#primaryimage\",\"url\":\"http:\/\/tudumblog.com\/wp-content\/uploads\/2026\/04\/England.jpg\",\"contentUrl\":\"http:\/\/tudumblog.com\/wp-content\/uploads\/2026\/04\/England.jpg\"},{\"@type\":\"BreadcrumbList\",\"@id\":\"https:\/\/tudumblog.com\/en\/languages\/#breadcrumb\",\"itemListElement\":[{\"@type\":\"ListItem\",\"position\":1,\"name\":\"In\u00edcio\",\"item\":\"https:\/\/tudumblog.com\/\"},{\"@type\":\"ListItem\",\"position\":2,\"name\":\"Languages\"}]},{\"@type\":\"WebSite\",\"@id\":\"https:\/\/tudumblog.com\/#website\",\"url\":\"https:\/\/tudumblog.com\/\",\"name\":\"Tudum blog\",\"description\":\"Informa\u00e7\u00e3o e conte\u00fado, tudo em um s\u00f3 lugar!\",\"publisher\":{\"@id\":\"https:\/\/tudumblog.com\/#organization\"},\"potentialAction\":[{\"@type\":\"SearchAction\",\"target\":{\"@type\":\"EntryPoint\",\"urlTemplate\":\"https:\/\/tudumblog.com\/?s={search_term_string}\"},\"query-input\":{\"@type\":\"PropertyValueSpecification\",\"valueRequired\":true,\"valueName\":\"search_term_string\"}}],\"inLanguage\":\"en-US\"},{\"@type\":\"Organization\",\"@id\":\"https:\/\/tudumblog.com\/#organization\",\"name\":\"Tudum blog\",\"url\":\"https:\/\/tudumblog.com\/\",\"logo\":{\"@type\":\"ImageObject\",\"inLanguage\":\"en-US\",\"@id\":\"https:\/\/tudumblog.com\/#\/schema\/logo\/image\/\",\"url\":\"https:\/\/tudumblog.com\/wp-content\/uploads\/2025\/04\/Logo-Principal1-1.png\",\"contentUrl\":\"https:\/\/tudumblog.com\/wp-content\/uploads\/2025\/04\/Logo-Principal1-1.png\",\"width\":290,\"height\":101,\"caption\":\"Tudum blog\"},\"image\":{\"@id\":\"https:\/\/tudumblog.com\/#\/schema\/logo\/image\/\"},\"sameAs\":[\"https:\/\/br.pinterest.com\/tudumblog\",\"https:\/\/www.youtube.com\/@tudumblog\"]}]}<\/script>\n<!-- \/ Yoast SEO Premium plugin. -->","yoast_head_json":{"title":"Languages - Tudum blog","robots":{"index":"index","follow":"follow","max-snippet":"max-snippet:-1","max-image-preview":"max-image-preview:large","max-video-preview":"max-video-preview:-1"},"canonical":"https:\/\/tudumblog.com\/en\/languages\/","og_locale":"en_US","og_type":"article","og_title":"Languages","og_description":"English Portugu\u00eas Espa\u00f1ol","og_url":"https:\/\/tudumblog.com\/en\/languages\/","og_site_name":"Tudum blog","article_modified_time":"2026-04-02T14:45:44+00:00","og_image":[{"url":"http:\/\/tudumblog.com\/wp-content\/uploads\/2026\/04\/England.jpg","type":"","width":"","height":""}],"twitter_card":"summary_large_image","twitter_misc":{"Est. reading time":"1 minute"},"schema":{"@context":"https:\/\/schema.org","@graph":[{"@type":"WebPage","@id":"https:\/\/tudumblog.com\/en\/languages\/","url":"https:\/\/tudumblog.com\/en\/languages\/","name":"Languages - Tudum blog","isPartOf":{"@id":"https:\/\/tudumblog.com\/#website"},"primaryImageOfPage":{"@id":"https:\/\/tudumblog.com\/en\/languages\/#primaryimage"},"image":{"@id":"https:\/\/tudumblog.com\/en\/languages\/#primaryimage"},"thumbnailUrl":"http:\/\/tudumblog.com\/wp-content\/uploads\/2026\/04\/England.jpg","datePublished":"2026-04-02T13:59:48+00:00","dateModified":"2026-04-02T14:45:44+00:00","breadcrumb":{"@id":"https:\/\/tudumblog.com\/en\/languages\/#breadcrumb"},"inLanguage":"en-US","potentialAction":[{"@type":"ReadAction","target":["https:\/\/tudumblog.com\/en\/languages\/"]}]},{"@type":"ImageObject","inLanguage":"en-US","@id":"https:\/\/tudumblog.com\/en\/languages\/#primaryimage","url":"http:\/\/tudumblog.com\/wp-content\/uploads\/2026\/04\/England.jpg","contentUrl":"http:\/\/tudumblog.com\/wp-content\/uploads\/2026\/04\/England.jpg"},{"@type":"BreadcrumbList","@id":"https:\/\/tudumblog.com\/en\/languages\/#breadcrumb","itemListElement":[{"@type":"ListItem","position":1,"name":"In\u00edcio","item":"https:\/\/tudumblog.com\/"},{"@type":"ListItem","position":2,"name":"Languages"}]},{"@type":"WebSite","@id":"https:\/\/tudumblog.com\/#website","url":"https:\/\/tudumblog.com\/","name":"Tudum blog","description":"Informa\u00e7\u00e3o e conte\u00fado, tudo em um s\u00f3 lugar!","publisher":{"@id":"https:\/\/tudumblog.com\/#organization"},"potentialAction":[{"@type":"SearchAction","target":{"@type":"EntryPoint","urlTemplate":"https:\/\/tudumblog.com\/?s={search_term_string}"},"query-input":{"@type":"PropertyValueSpecification","valueRequired":true,"valueName":"search_term_string"}}],"inLanguage":"en-US"},{"@type":"Organization","@id":"https:\/\/tudumblog.com\/#organization","name":"Tudum blog","url":"https:\/\/tudumblog.com\/","logo":{"@type":"ImageObject","inLanguage":"en-US","@id":"https:\/\/tudumblog.com\/#\/schema\/logo\/image\/","url":"https:\/\/tudumblog.com\/wp-content\/uploads\/2025\/04\/Logo-Principal1-1.png","contentUrl":"https:\/\/tudumblog.com\/wp-content\/uploads\/2025\/04\/Logo-Principal1-1.png","width":290,"height":101,"caption":"Tudum blog"},"image":{"@id":"https:\/\/tudumblog.com\/#\/schema\/logo\/image\/"},"sameAs":["https:\/\/br.pinterest.com\/tudumblog","https:\/\/www.youtube.com\/@tudumblog"]}]}},"_links":{"self":[{"href":"https:\/\/tudumblog.com\/en\/wp-json\/wp\/v2\/pages\/15725","targetHints":{"allow":["GET"]}}],"collection":[{"href":"https:\/\/tudumblog.com\/en\/wp-json\/wp\/v2\/pages"}],"about":[{"href":"https:\/\/tudumblog.com\/en\/wp-json\/wp\/v2\/types\/page"}],"author":[{"embeddable":true,"href":"https:\/\/tudumblog.com\/en\/wp-json\/wp\/v2\/users\/1"}],"replies":[{"embeddable":true,"href":"https:\/\/tudumblog.com\/en\/wp-json\/wp\/v2\/comments?post=15725"}],"version-history":[{"count":16,"href":"https:\/\/tudumblog.com\/en\/wp-json\/wp\/v2\/pages\/15725\/revisions"}],"predecessor-version":[{"id":15756,"href":"https:\/\/tudumblog.com\/en\/wp-json\/wp\/v2\/pages\/15725\/revisions\/15756"}],"wp:attachment":[{"href":"https:\/\/tudumblog.com\/en\/wp-json\/wp\/v2\/media?parent=15725"}],"curies":[{"name":"wp","href":"https:\/\/api.w.org\/{rel}","templated":true}]}}