{"id":10892,"date":"2025-05-02T11:30:19","date_gmt":"2025-05-02T14:30:19","guid":{"rendered":"https:\/\/tudumblog.com\/?page_id=10892"},"modified":"2025-05-05T19:11:44","modified_gmt":"2025-05-05T22:11:44","slug":"terms-of-use","status":"publish","type":"page","link":"https:\/\/tudumblog.com\/en\/terms-of-use\/","title":{"rendered":"Terms of Use"},"content":{"rendered":"\t\t<div data-elementor-type=\"wp-page\" data-elementor-id=\"10892\" class=\"elementor elementor-10892 elementor-10369\" data-elementor-post-type=\"page\">\n\t\t\t\t<div class=\"elementor-element elementor-element-f8e0b05 e-flex e-con-boxed e-con e-parent\" data-id=\"f8e0b05\" data-element_type=\"container\" data-e-type=\"container\" data-settings=\"{&quot;background_background&quot;:&quot;classic&quot;}\">\n\t\t\t\t\t<div class=\"e-con-inner\">\n\t\t<div class=\"elementor-element elementor-element-43cc0e4 e-con-full e-flex e-con e-child\" data-id=\"43cc0e4\" data-element_type=\"container\" data-e-type=\"container\">\n\t\t\t\t<div class=\"elementor-element elementor-element-9289a45 titulo1 elementor-widget elementor-widget-heading\" data-id=\"9289a45\" data-element_type=\"widget\" data-e-type=\"widget\" data-widget_type=\"heading.default\">\n\t\t\t\t<div class=\"elementor-widget-container\">\n\t\t\t\t\t<h2 class=\"elementor-heading-title elementor-size-default\">Terms of Use\n\n\n\n\n\n\n\n\n<\/h2>\t\t\t\t<\/div>\n\t\t\t\t<\/div>\n\t\t\t\t<div class=\"elementor-element elementor-element-a8b864f Color1 elementor-widget-divider--view-line elementor-widget elementor-widget-divider\" data-id=\"a8b864f\" data-element_type=\"widget\" data-e-type=\"widget\" data-widget_type=\"divider.default\">\n\t\t\t\t<div class=\"elementor-widget-container\">\n\t\t\t\t\t\t\t<div class=\"elementor-divider\">\n\t\t\t<span class=\"elementor-divider-separator\">\n\t\t\t\t\t\t<\/span>\n\t\t<\/div>\n\t\t\t\t\t\t<\/div>\n\t\t\t\t<\/div>\n\t\t\t\t<\/div>\n\t\t\t\t\t<\/div>\n\t\t\t\t<\/div>\n\t\t<div class=\"elementor-element elementor-element-5ba6aae e-flex e-con-boxed e-con e-parent\" data-id=\"5ba6aae\" data-element_type=\"container\" data-e-type=\"container\" data-settings=\"{&quot;background_background&quot;:&quot;classic&quot;}\">\n\t\t\t\t\t<div class=\"e-con-inner\">\n\t\t<div class=\"elementor-element elementor-element-606a74e e-con-full e-flex e-con e-child\" data-id=\"606a74e\" data-element_type=\"container\" data-e-type=\"container\">\n\t\t\t\t<div class=\"elementor-element elementor-element-fa0a938 elementor-widget elementor-widget-text-editor\" data-id=\"fa0a938\" data-element_type=\"widget\" data-e-type=\"widget\" data-widget_type=\"text-editor.default\">\n\t\t\t\t<div class=\"elementor-widget-container\">\n\t\t\t\t\t\t\t\t\t<p class=\"\" data-start=\"2208\" data-end=\"2273\">By accessing the <em data-start=\"2221\" data-end=\"2233\">Tudum Blog<\/em>, you agree to the following terms:<\/p> <p class=\"\" data-start=\"2278\" data-end=\"2498\"><strong data-start=\"2278\" data-end=\"2298\">Use of content:<\/strong><br data-start=\"2298\" data-end=\"2301\" \/>All content published here is for informational purposes only and does not replace professional advice (medical, financial, legal, etc.). You are responsible for the use of the information available on this site.<\/p> <p class=\"\" data-start=\"2503\" data-end=\"2670\"><strong data-start=\"2503\" data-end=\"2525\">Copyright:<\/strong><br data-start=\"2525\" data-end=\"2528\" \/>Texts, images, and other elements are protected by copyright. It is not allowed to copy or reproduce any content without permission.<\/p> <p class=\"\" data-start=\"2675\" data-end=\"2884\"><strong data-start=\"2675\" data-end=\"2700\">Advertisements and partnerships:<\/strong><br data-start=\"2700\" data-end=\"2703\" \/>This site may display advertisements, sponsored links, or partner materials. <em data-start=\"2786\" data-end=\"2798\">Tudum Blog<\/em> is not responsible for products, services, or information provided by third parties.<\/p> <p class=\"\" data-start=\"2889\" data-end=\"3053\"><strong data-start=\"2889\" data-end=\"2906\">Modifications:<\/strong><br data-start=\"2906\" data-end=\"2909\" \/>We may change these terms at any time without prior notice. Continued use of the site after such changes implies acceptance of the new terms.<\/p>\t\t\t\t\t\t\t\t<\/div>\n\t\t\t\t<\/div>\n\t\t\t\t<div class=\"elementor-element elementor-element-7674a1d elementor-widget__width-inherit elementor-align-center BtnColors2 elementor-widget elementor-widget-button\" data-id=\"7674a1d\" data-element_type=\"widget\" data-e-type=\"widget\" data-widget_type=\"button.default\">\n\t\t\t\t<div class=\"elementor-widget-container\">\n\t\t\t\t\t\t\t\t\t<div class=\"elementor-button-wrapper\">\n\t\t\t\t\t<a class=\"elementor-button elementor-button-link elementor-size-md\" href=\"https:\/\/tudumblog.com\/en\/\">\n\t\t\t\t\t\t<span class=\"elementor-button-content-wrapper\">\n\t\t\t\t\t\t<span class=\"elementor-button-icon\">\n\t\t\t\t<i aria-hidden=\"true\" class=\"fas fa-arrow-alt-circle-left\"><\/i>\t\t\t<\/span>\n\t\t\t\t\t\t\t\t\t<span class=\"elementor-button-text\">Back to Site<\/span>\n\t\t\t\t\t<\/span>\n\t\t\t\t\t<\/a>\n\t\t\t\t<\/div>\n\t\t\t\t\t\t\t\t<\/div>\n\t\t\t\t<\/div>\n\t\t\t\t<\/div>\n\t\t\t\t\t<\/div>\n\t\t\t\t<\/div>\n\t\t\t\t<\/div>\n\t\t","protected":false},"excerpt":{"rendered":"<p>Terms of Use By accessing the Tudum Blog, you agree to the following terms: Use of content:All content published here is for informational purposes only and does not replace professional advice (medical, financial, legal, etc.). You are responsible for the use of the information available on this site. Copyright:Texts, images, and other elements are protected [&hellip;]<\/p>\n","protected":false},"author":1,"featured_media":0,"parent":0,"menu_order":0,"comment_status":"closed","ping_status":"closed","template":"elementor_header_footer","meta":{"footnotes":""},"class_list":["post-10892","page","type-page","status-publish","hentry"],"yoast_head":"<!-- This site is optimized with the Yoast SEO Premium plugin v26.0 (Yoast SEO v26.0) - https:\/\/yoast.com\/wordpress\/plugins\/seo\/ -->\n<title>Terms of Use - Tudum blog<\/title>\n<meta name=\"robots\" content=\"index, follow, max-snippet:-1, max-image-preview:large, max-video-preview:-1\" \/>\n<link rel=\"canonical\" href=\"https:\/\/tudumblog.com\/en\/terms-of-use\/\" \/>\n<meta property=\"og:locale\" content=\"en_US\" \/>\n<meta property=\"og:type\" content=\"article\" \/>\n<meta property=\"og:title\" content=\"Terms of Use\" \/>\n<meta property=\"og:description\" content=\"Terms of Use By accessing the Tudum Blog, you agree to the following terms: Use of content:All content published here is for informational purposes only and does not replace professional advice (medical, financial, legal, etc.). You are responsible for the use of the information available on this site. Copyright:Texts, images, and other elements are protected [&hellip;]\" \/>\n<meta property=\"og:url\" content=\"https:\/\/tudumblog.com\/en\/terms-of-use\/\" \/>\n<meta property=\"og:site_name\" content=\"Tudum blog\" \/>\n<meta property=\"article:modified_time\" content=\"2025-05-05T22:11:44+00:00\" \/>\n<meta name=\"twitter:card\" content=\"summary_large_image\" \/>\n<meta name=\"twitter:label1\" content=\"Est. reading time\" \/>\n\t<meta name=\"twitter:data1\" content=\"1 minute\" \/>\n<script type=\"application\/ld+json\" class=\"yoast-schema-graph\">{\"@context\":\"https:\/\/schema.org\",\"@graph\":[{\"@type\":\"WebPage\",\"@id\":\"https:\/\/tudumblog.com\/en\/terms-of-use\/\",\"url\":\"https:\/\/tudumblog.com\/en\/terms-of-use\/\",\"name\":\"Terms of Use - Tudum blog\",\"isPartOf\":{\"@id\":\"https:\/\/tudumblog.com\/#website\"},\"datePublished\":\"2025-05-02T14:30:19+00:00\",\"dateModified\":\"2025-05-05T22:11:44+00:00\",\"breadcrumb\":{\"@id\":\"https:\/\/tudumblog.com\/en\/terms-of-use\/#breadcrumb\"},\"inLanguage\":\"en-US\",\"potentialAction\":[{\"@type\":\"ReadAction\",\"target\":[\"https:\/\/tudumblog.com\/en\/terms-of-use\/\"]}]},{\"@type\":\"BreadcrumbList\",\"@id\":\"https:\/\/tudumblog.com\/en\/terms-of-use\/#breadcrumb\",\"itemListElement\":[{\"@type\":\"ListItem\",\"position\":1,\"name\":\"In\u00edcio\",\"item\":\"https:\/\/tudumblog.com\/\"},{\"@type\":\"ListItem\",\"position\":2,\"name\":\"Terms of Use\"}]},{\"@type\":\"WebSite\",\"@id\":\"https:\/\/tudumblog.com\/#website\",\"url\":\"https:\/\/tudumblog.com\/\",\"name\":\"Tudum blog\",\"description\":\"Informa\u00e7\u00e3o e conte\u00fado, tudo em um s\u00f3 lugar!\",\"publisher\":{\"@id\":\"https:\/\/tudumblog.com\/#organization\"},\"potentialAction\":[{\"@type\":\"SearchAction\",\"target\":{\"@type\":\"EntryPoint\",\"urlTemplate\":\"https:\/\/tudumblog.com\/?s={search_term_string}\"},\"query-input\":{\"@type\":\"PropertyValueSpecification\",\"valueRequired\":true,\"valueName\":\"search_term_string\"}}],\"inLanguage\":\"en-US\"},{\"@type\":\"Organization\",\"@id\":\"https:\/\/tudumblog.com\/#organization\",\"name\":\"Tudum blog\",\"url\":\"https:\/\/tudumblog.com\/\",\"logo\":{\"@type\":\"ImageObject\",\"inLanguage\":\"en-US\",\"@id\":\"https:\/\/tudumblog.com\/#\/schema\/logo\/image\/\",\"url\":\"https:\/\/tudumblog.com\/wp-content\/uploads\/2025\/04\/Logo-Principal1-1.png\",\"contentUrl\":\"https:\/\/tudumblog.com\/wp-content\/uploads\/2025\/04\/Logo-Principal1-1.png\",\"width\":290,\"height\":101,\"caption\":\"Tudum blog\"},\"image\":{\"@id\":\"https:\/\/tudumblog.com\/#\/schema\/logo\/image\/\"},\"sameAs\":[\"https:\/\/br.pinterest.com\/tudumblog\",\"https:\/\/www.youtube.com\/@tudumblog\"]}]}<\/script>\n<!-- \/ Yoast SEO Premium plugin. -->","yoast_head_json":{"title":"Terms of Use - Tudum blog","robots":{"index":"index","follow":"follow","max-snippet":"max-snippet:-1","max-image-preview":"max-image-preview:large","max-video-preview":"max-video-preview:-1"},"canonical":"https:\/\/tudumblog.com\/en\/terms-of-use\/","og_locale":"en_US","og_type":"article","og_title":"Terms of Use","og_description":"Terms of Use By accessing the Tudum Blog, you agree to the following terms: Use of content:All content published here is for informational purposes only and does not replace professional advice (medical, financial, legal, etc.). You are responsible for the use of the information available on this site. Copyright:Texts, images, and other elements are protected [&hellip;]","og_url":"https:\/\/tudumblog.com\/en\/terms-of-use\/","og_site_name":"Tudum blog","article_modified_time":"2025-05-05T22:11:44+00:00","twitter_card":"summary_large_image","twitter_misc":{"Est. reading time":"1 minute"},"schema":{"@context":"https:\/\/schema.org","@graph":[{"@type":"WebPage","@id":"https:\/\/tudumblog.com\/en\/terms-of-use\/","url":"https:\/\/tudumblog.com\/en\/terms-of-use\/","name":"Terms of Use - Tudum blog","isPartOf":{"@id":"https:\/\/tudumblog.com\/#website"},"datePublished":"2025-05-02T14:30:19+00:00","dateModified":"2025-05-05T22:11:44+00:00","breadcrumb":{"@id":"https:\/\/tudumblog.com\/en\/terms-of-use\/#breadcrumb"},"inLanguage":"en-US","potentialAction":[{"@type":"ReadAction","target":["https:\/\/tudumblog.com\/en\/terms-of-use\/"]}]},{"@type":"BreadcrumbList","@id":"https:\/\/tudumblog.com\/en\/terms-of-use\/#breadcrumb","itemListElement":[{"@type":"ListItem","position":1,"name":"In\u00edcio","item":"https:\/\/tudumblog.com\/"},{"@type":"ListItem","position":2,"name":"Terms of Use"}]},{"@type":"WebSite","@id":"https:\/\/tudumblog.com\/#website","url":"https:\/\/tudumblog.com\/","name":"Tudum blog","description":"Informa\u00e7\u00e3o e conte\u00fado, tudo em um s\u00f3 lugar!","publisher":{"@id":"https:\/\/tudumblog.com\/#organization"},"potentialAction":[{"@type":"SearchAction","target":{"@type":"EntryPoint","urlTemplate":"https:\/\/tudumblog.com\/?s={search_term_string}"},"query-input":{"@type":"PropertyValueSpecification","valueRequired":true,"valueName":"search_term_string"}}],"inLanguage":"en-US"},{"@type":"Organization","@id":"https:\/\/tudumblog.com\/#organization","name":"Tudum blog","url":"https:\/\/tudumblog.com\/","logo":{"@type":"ImageObject","inLanguage":"en-US","@id":"https:\/\/tudumblog.com\/#\/schema\/logo\/image\/","url":"https:\/\/tudumblog.com\/wp-content\/uploads\/2025\/04\/Logo-Principal1-1.png","contentUrl":"https:\/\/tudumblog.com\/wp-content\/uploads\/2025\/04\/Logo-Principal1-1.png","width":290,"height":101,"caption":"Tudum blog"},"image":{"@id":"https:\/\/tudumblog.com\/#\/schema\/logo\/image\/"},"sameAs":["https:\/\/br.pinterest.com\/tudumblog","https:\/\/www.youtube.com\/@tudumblog"]}]}},"_links":{"self":[{"href":"https:\/\/tudumblog.com\/en\/wp-json\/wp\/v2\/pages\/10892","targetHints":{"allow":["GET"]}}],"collection":[{"href":"https:\/\/tudumblog.com\/en\/wp-json\/wp\/v2\/pages"}],"about":[{"href":"https:\/\/tudumblog.com\/en\/wp-json\/wp\/v2\/types\/page"}],"author":[{"embeddable":true,"href":"https:\/\/tudumblog.com\/en\/wp-json\/wp\/v2\/users\/1"}],"replies":[{"embeddable":true,"href":"https:\/\/tudumblog.com\/en\/wp-json\/wp\/v2\/comments?post=10892"}],"version-history":[{"count":7,"href":"https:\/\/tudumblog.com\/en\/wp-json\/wp\/v2\/pages\/10892\/revisions"}],"predecessor-version":[{"id":10899,"href":"https:\/\/tudumblog.com\/en\/wp-json\/wp\/v2\/pages\/10892\/revisions\/10899"}],"wp:attachment":[{"href":"https:\/\/tudumblog.com\/en\/wp-json\/wp\/v2\/media?parent=10892"}],"curies":[{"name":"wp","href":"https:\/\/api.w.org\/{rel}","templated":true}]}}