{"id":10882,"date":"2025-05-05T18:47:55","date_gmt":"2025-05-05T21:47:55","guid":{"rendered":"https:\/\/tudumblog.com\/?page_id=10882"},"modified":"2026-01-23T16:56:32","modified_gmt":"2026-01-23T19:56:32","slug":"about-the-blog","status":"publish","type":"page","link":"https:\/\/tudumblog.com\/en\/about-the-blog\/","title":{"rendered":"About the Blog"},"content":{"rendered":"\t\t<div data-elementor-type=\"wp-page\" data-elementor-id=\"10882\" class=\"elementor elementor-10882 elementor-10880\" data-elementor-post-type=\"page\">\n\t\t\t\t<div class=\"elementor-element elementor-element-c81ae9d e-flex e-con-boxed e-con e-parent\" data-id=\"c81ae9d\" data-element_type=\"container\" data-e-type=\"container\" data-settings=\"{&quot;background_background&quot;:&quot;classic&quot;}\">\n\t\t\t\t\t<div class=\"e-con-inner\">\n\t\t<div class=\"elementor-element elementor-element-af015f4 e-con-full e-flex e-con e-child\" data-id=\"af015f4\" data-element_type=\"container\" data-e-type=\"container\">\n\t\t\t\t<div class=\"elementor-element elementor-element-29fb569 titulo1 elementor-widget elementor-widget-heading\" data-id=\"29fb569\" data-element_type=\"widget\" data-e-type=\"widget\" data-widget_type=\"heading.default\">\n\t\t\t\t<div class=\"elementor-widget-container\">\n\t\t\t\t\t<h2 class=\"elementor-heading-title elementor-size-default\">About Tudum<\/h2>\t\t\t\t<\/div>\n\t\t\t\t<\/div>\n\t\t\t\t<div class=\"elementor-element elementor-element-a4c0fd2 Color1 elementor-widget-divider--view-line elementor-widget elementor-widget-divider\" data-id=\"a4c0fd2\" data-element_type=\"widget\" data-e-type=\"widget\" data-widget_type=\"divider.default\">\n\t\t\t\t<div class=\"elementor-widget-container\">\n\t\t\t\t\t\t\t<div class=\"elementor-divider\">\n\t\t\t<span class=\"elementor-divider-separator\">\n\t\t\t\t\t\t<\/span>\n\t\t<\/div>\n\t\t\t\t\t\t<\/div>\n\t\t\t\t<\/div>\n\t\t\t\t<\/div>\n\t\t\t\t\t<\/div>\n\t\t\t\t<\/div>\n\t\t<div class=\"elementor-element elementor-element-a29b2a5 e-flex e-con-boxed e-con e-child\" data-id=\"a29b2a5\" data-element_type=\"container\" data-e-type=\"container\">\n\t\t\t\t\t<div class=\"e-con-inner\">\n\t\t<div class=\"elementor-element elementor-element-63d347f e-con-full e-flex e-con e-child\" data-id=\"63d347f\" data-element_type=\"container\" data-e-type=\"container\">\n\t\t\t\t<div class=\"elementor-element elementor-element-b386a8e elementor-widget elementor-widget-image\" data-id=\"b386a8e\" data-element_type=\"widget\" data-e-type=\"widget\" data-widget_type=\"image.default\">\n\t\t\t\t<div class=\"elementor-widget-container\">\n\t\t\t\t\t\t\t\t\t\t\t\t\t\t\t<img fetchpriority=\"high\" decoding=\"async\" width=\"367\" height=\"551\" src=\"https:\/\/tudumblog.com\/wp-content\/uploads\/2025\/05\/Imagens-e-galeria-de-fotos-min-4-1.jpg\" class=\"attachment-full size-full wp-image-11322\" alt=\"\" \/>\t\t\t\t\t\t\t\t\t\t\t\t\t\t\t<\/div>\n\t\t\t\t<\/div>\n\t\t\t\t<div class=\"elementor-element elementor-element-a2fdc8e elementor-widget elementor-widget-image\" data-id=\"a2fdc8e\" data-element_type=\"widget\" data-e-type=\"widget\" data-widget_type=\"image.default\">\n\t\t\t\t<div class=\"elementor-widget-container\">\n\t\t\t\t\t\t\t\t\t\t\t\t\t\t\t<img decoding=\"async\" width=\"290\" height=\"101\" src=\"https:\/\/tudumblog.com\/wp-content\/uploads\/2025\/05\/Logo-Principal1-1.png\" class=\"attachment-full size-full wp-image-10729\" alt=\"\" \/>\t\t\t\t\t\t\t\t\t\t\t\t\t\t\t<\/div>\n\t\t\t\t<\/div>\n\t\t\t\t<\/div>\n\t\t<div class=\"elementor-element elementor-element-6dcadef e-con-full e-flex e-con e-child\" data-id=\"6dcadef\" data-element_type=\"container\" data-e-type=\"container\">\n\t\t\t\t<div class=\"elementor-element elementor-element-2b85fbc elementor-widget elementor-widget-text-editor\" data-id=\"2b85fbc\" data-element_type=\"widget\" data-e-type=\"widget\" data-widget_type=\"text-editor.default\">\n\t\t\t\t<div class=\"elementor-widget-container\">\n\t\t\t\t\t\t\t\t\t<p class=\"\" data-start=\"215\" data-end=\"252\"><strong data-start=\"215\" data-end=\"252\">Tudum blog \u2013 Everything in one place!<\/strong><\/p><p data-start=\"254\" data-end=\"462\">Hello, how are you?<\/p><p>I&#8217;m <strong>Pedro Costa<\/strong>, Advertiser, Graphic Designer, Web Designer and Traffic Manager for Digital Marketing.<\/p><p class=\"\" data-start=\"254\" data-end=\"462\">I am also the founder of <strong>Tudum blog<\/strong> and other companies such as <strong><a href=\"https:\/\/pokysites.com.br\/\" target=\"_blank\" rel=\"noopener\">Poky Sites<\/a><\/strong>, my goal with this blog is to offer useful, accessible and personalized information.<\/p><p>I believe that quality knowledge should be within everyone&#8217;s reach, in a clear, reliable and engaging way.<\/p><p class=\"\" data-start=\"464\" data-end=\"677\">That&#8217;s why I seek to produce something different and, above all, useful for my readers, through content in different micro niches, always paying attention to quality, originality and people&#8217;s real needs.<\/p><p>My mission with Tudum is to be a practical source of discoveries and learning in your daily life.<\/p><p class=\"\" data-start=\"679\" data-end=\"757\">Welcome to Tudum blog: everything you need, all in one place!<\/p>\t\t\t\t\t\t\t\t<\/div>\n\t\t\t\t<\/div>\n\t\t<div class=\"elementor-element elementor-element-699fd57 e-con-full e-flex e-con e-child\" data-id=\"699fd57\" data-element_type=\"container\" data-e-type=\"container\">\n\t\t<div class=\"elementor-element elementor-element-b47fccc e-con-full e-flex e-con e-child\" data-id=\"b47fccc\" data-element_type=\"container\" data-e-type=\"container\">\n\t\t\t\t<div class=\"elementor-element elementor-element-786ec54 elementor-widget elementor-widget-image\" data-id=\"786ec54\" data-element_type=\"widget\" data-e-type=\"widget\" data-widget_type=\"image.default\">\n\t\t\t\t<div class=\"elementor-widget-container\">\n\t\t\t\t\t\t\t\t\t\t\t\t\t\t\t<img decoding=\"async\" width=\"1024\" height=\"1085\" src=\"https:\/\/tudumblog.com\/wp-content\/uploads\/2025\/06\/PCosta-min-2-1.jpg\" class=\"attachment-full size-full wp-image-12434\" alt=\"Photo about the blog author Pedro Costa\" \/>\t\t\t\t\t\t\t\t\t\t\t\t\t\t\t<\/div>\n\t\t\t\t<\/div>\n\t\t\t\t<\/div>\n\t\t<div class=\"elementor-element elementor-element-4b50a50 e-con-full e-flex e-con e-child\" data-id=\"4b50a50\" data-element_type=\"container\" data-e-type=\"container\">\n\t\t\t\t<div class=\"elementor-element elementor-element-d60327c elementor-align-start Color1 elementor-widget__width-inherit elementor-icon-list--layout-traditional elementor-list-item-link-full_width elementor-widget elementor-widget-icon-list\" data-id=\"d60327c\" data-element_type=\"widget\" data-e-type=\"widget\" data-widget_type=\"icon-list.default\">\n\t\t\t\t<div class=\"elementor-widget-container\">\n\t\t\t\t\t\t\t<ul class=\"elementor-icon-list-items\">\n\t\t\t\t\t\t\t<li class=\"elementor-icon-list-item\">\n\t\t\t\t\t\t\t\t\t\t\t<a href=\"https:\/\/br.pinterest.com\/tudumblog\/\" target=\"_blank\">\n\n\t\t\t\t\t\t\t\t\t\t\t\t<span class=\"elementor-icon-list-icon\">\n\t\t\t\t\t\t\t<i aria-hidden=\"true\" class=\"fab fa-pinterest\"><\/i>\t\t\t\t\t\t<\/span>\n\t\t\t\t\t\t\t\t\t\t<span class=\"elementor-icon-list-text\">@tudumblog<\/span>\n\t\t\t\t\t\t\t\t\t\t\t<\/a>\n\t\t\t\t\t\t\t\t\t<\/li>\n\t\t\t\t\t\t\t\t<li class=\"elementor-icon-list-item\">\n\t\t\t\t\t\t\t\t\t\t\t<a href=\"https:\/\/www.youtube.com\/@tudumblog\" target=\"_blank\">\n\n\t\t\t\t\t\t\t\t\t\t\t\t<span class=\"elementor-icon-list-icon\">\n\t\t\t\t\t\t\t<i aria-hidden=\"true\" class=\"fab fa-youtube\"><\/i>\t\t\t\t\t\t<\/span>\n\t\t\t\t\t\t\t\t\t\t<span class=\"elementor-icon-list-text\">@tudumblog<\/span>\n\t\t\t\t\t\t\t\t\t\t\t<\/a>\n\t\t\t\t\t\t\t\t\t<\/li>\n\t\t\t\t\t\t\t\t<li class=\"elementor-icon-list-item\">\n\t\t\t\t\t\t\t\t\t\t\t<a href=\"https:\/\/www.instagram.com\/tudumblog.eng\/\" target=\"_blank\">\n\n\t\t\t\t\t\t\t\t\t\t\t\t<span class=\"elementor-icon-list-icon\">\n\t\t\t\t\t\t\t<i aria-hidden=\"true\" class=\"fab fa-instagram\"><\/i>\t\t\t\t\t\t<\/span>\n\t\t\t\t\t\t\t\t\t\t<span class=\"elementor-icon-list-text\">@tudumblog.eng<\/span>\n\t\t\t\t\t\t\t\t\t\t\t<\/a>\n\t\t\t\t\t\t\t\t\t<\/li>\n\t\t\t\t\t\t\t\t<li class=\"elementor-icon-list-item\">\n\t\t\t\t\t\t\t\t\t\t\t<a href=\"https:\/\/www.instagram.com\/pedrymcosta\" target=\"_blank\">\n\n\t\t\t\t\t\t\t\t\t\t\t\t<span class=\"elementor-icon-list-icon\">\n\t\t\t\t\t\t\t<i aria-hidden=\"true\" class=\"fab fa-instagram\"><\/i>\t\t\t\t\t\t<\/span>\n\t\t\t\t\t\t\t\t\t\t<span class=\"elementor-icon-list-text\">@pedrymcosta<\/span>\n\t\t\t\t\t\t\t\t\t\t\t<\/a>\n\t\t\t\t\t\t\t\t\t<\/li>\n\t\t\t\t\t\t<\/ul>\n\t\t\t\t\t\t<\/div>\n\t\t\t\t<\/div>\n\t\t\t\t<\/div>\n\t\t\t\t<\/div>\n\t\t\t\t<\/div>\n\t\t\t\t\t<\/div>\n\t\t\t\t<\/div>\n\t\t\t\t<\/div>\n\t\t","protected":false},"excerpt":{"rendered":"<p>About Tudum Tudum blog \u2013 Everything in one place! Hello, how are you? I&#8217;m Pedro Costa, Advertiser, Graphic Designer, Web Designer and Traffic Manager for Digital Marketing. I am also the founder of Tudum blog and other companies such as Poky Sites, my goal with this blog is to offer useful, accessible and personalized information. [&hellip;]<\/p>\n","protected":false},"author":1,"featured_media":0,"parent":0,"menu_order":0,"comment_status":"closed","ping_status":"closed","template":"elementor_header_footer","meta":{"footnotes":""},"class_list":["post-10882","page","type-page","status-publish","hentry"],"yoast_head":"<!-- This site is optimized with the Yoast SEO Premium plugin v26.0 (Yoast SEO v26.0) - https:\/\/yoast.com\/wordpress\/plugins\/seo\/ -->\n<title>About the Blog - Tudum blog<\/title>\n<meta name=\"robots\" content=\"index, follow, max-snippet:-1, max-image-preview:large, max-video-preview:-1\" \/>\n<link rel=\"canonical\" href=\"https:\/\/tudumblog.com\/es\/sobre-el-blog\/\" \/>\n<meta property=\"og:locale\" content=\"en_US\" \/>\n<meta property=\"og:type\" content=\"article\" \/>\n<meta property=\"og:title\" content=\"About the Blog\" \/>\n<meta property=\"og:description\" content=\"About Tudum Tudum blog \u2013 Everything in one place! Hello, how are you? I&#8217;m Pedro Costa, Advertiser, Graphic Designer, Web Designer and Traffic Manager for Digital Marketing. I am also the founder of Tudum blog and other companies such as Poky Sites, my goal with this blog is to offer useful, accessible and personalized information. [&hellip;]\" \/>\n<meta property=\"og:url\" content=\"https:\/\/tudumblog.com\/es\/sobre-el-blog\/\" \/>\n<meta property=\"og:site_name\" content=\"Tudum blog\" \/>\n<meta property=\"article:modified_time\" content=\"2026-01-23T19:56:32+00:00\" \/>\n<meta property=\"og:image\" content=\"http:\/\/tudumblog.com\/wp-content\/uploads\/2025\/05\/Imagens-e-galeria-de-fotos-min-4-1.jpg\" \/>\n<meta name=\"twitter:card\" content=\"summary_large_image\" \/>\n<meta name=\"twitter:label1\" content=\"Est. reading time\" \/>\n\t<meta name=\"twitter:data1\" content=\"2 minutes\" \/>\n<script type=\"application\/ld+json\" class=\"yoast-schema-graph\">{\"@context\":\"https:\/\/schema.org\",\"@graph\":[{\"@type\":\"WebPage\",\"@id\":\"https:\/\/tudumblog.com\/es\/sobre-el-blog\/\",\"url\":\"https:\/\/tudumblog.com\/es\/sobre-el-blog\/\",\"name\":\"About the Blog - Tudum blog\",\"isPartOf\":{\"@id\":\"https:\/\/tudumblog.com\/#website\"},\"primaryImageOfPage\":{\"@id\":\"https:\/\/tudumblog.com\/es\/sobre-el-blog\/#primaryimage\"},\"image\":{\"@id\":\"https:\/\/tudumblog.com\/es\/sobre-el-blog\/#primaryimage\"},\"thumbnailUrl\":\"http:\/\/tudumblog.com\/wp-content\/uploads\/2025\/05\/Imagens-e-galeria-de-fotos-min-4-1.jpg\",\"datePublished\":\"2025-05-05T21:47:55+00:00\",\"dateModified\":\"2026-01-23T19:56:32+00:00\",\"breadcrumb\":{\"@id\":\"https:\/\/tudumblog.com\/es\/sobre-el-blog\/#breadcrumb\"},\"inLanguage\":\"en-US\",\"potentialAction\":[{\"@type\":\"ReadAction\",\"target\":[\"https:\/\/tudumblog.com\/es\/sobre-el-blog\/\"]}]},{\"@type\":\"ImageObject\",\"inLanguage\":\"en-US\",\"@id\":\"https:\/\/tudumblog.com\/es\/sobre-el-blog\/#primaryimage\",\"url\":\"http:\/\/tudumblog.com\/wp-content\/uploads\/2025\/05\/Imagens-e-galeria-de-fotos-min-4-1.jpg\",\"contentUrl\":\"http:\/\/tudumblog.com\/wp-content\/uploads\/2025\/05\/Imagens-e-galeria-de-fotos-min-4-1.jpg\"},{\"@type\":\"BreadcrumbList\",\"@id\":\"https:\/\/tudumblog.com\/es\/sobre-el-blog\/#breadcrumb\",\"itemListElement\":[{\"@type\":\"ListItem\",\"position\":1,\"name\":\"In\u00edcio\",\"item\":\"https:\/\/tudumblog.com\/\"},{\"@type\":\"ListItem\",\"position\":2,\"name\":\"About the Blog\"}]},{\"@type\":\"WebSite\",\"@id\":\"https:\/\/tudumblog.com\/#website\",\"url\":\"https:\/\/tudumblog.com\/\",\"name\":\"Tudum blog\",\"description\":\"Informa\u00e7\u00e3o e conte\u00fado, tudo em um s\u00f3 lugar!\",\"publisher\":{\"@id\":\"https:\/\/tudumblog.com\/#organization\"},\"potentialAction\":[{\"@type\":\"SearchAction\",\"target\":{\"@type\":\"EntryPoint\",\"urlTemplate\":\"https:\/\/tudumblog.com\/?s={search_term_string}\"},\"query-input\":{\"@type\":\"PropertyValueSpecification\",\"valueRequired\":true,\"valueName\":\"search_term_string\"}}],\"inLanguage\":\"en-US\"},{\"@type\":\"Organization\",\"@id\":\"https:\/\/tudumblog.com\/#organization\",\"name\":\"Tudum blog\",\"url\":\"https:\/\/tudumblog.com\/\",\"logo\":{\"@type\":\"ImageObject\",\"inLanguage\":\"en-US\",\"@id\":\"https:\/\/tudumblog.com\/#\/schema\/logo\/image\/\",\"url\":\"https:\/\/tudumblog.com\/wp-content\/uploads\/2025\/04\/Logo-Principal1-1.png\",\"contentUrl\":\"https:\/\/tudumblog.com\/wp-content\/uploads\/2025\/04\/Logo-Principal1-1.png\",\"width\":290,\"height\":101,\"caption\":\"Tudum blog\"},\"image\":{\"@id\":\"https:\/\/tudumblog.com\/#\/schema\/logo\/image\/\"},\"sameAs\":[\"https:\/\/br.pinterest.com\/tudumblog\",\"https:\/\/www.youtube.com\/@tudumblog\"]}]}<\/script>\n<!-- \/ Yoast SEO Premium plugin. -->","yoast_head_json":{"title":"About the Blog - Tudum blog","robots":{"index":"index","follow":"follow","max-snippet":"max-snippet:-1","max-image-preview":"max-image-preview:large","max-video-preview":"max-video-preview:-1"},"canonical":"https:\/\/tudumblog.com\/es\/sobre-el-blog\/","og_locale":"en_US","og_type":"article","og_title":"About the Blog","og_description":"About Tudum Tudum blog \u2013 Everything in one place! Hello, how are you? I&#8217;m Pedro Costa, Advertiser, Graphic Designer, Web Designer and Traffic Manager for Digital Marketing. I am also the founder of Tudum blog and other companies such as Poky Sites, my goal with this blog is to offer useful, accessible and personalized information. [&hellip;]","og_url":"https:\/\/tudumblog.com\/es\/sobre-el-blog\/","og_site_name":"Tudum blog","article_modified_time":"2026-01-23T19:56:32+00:00","og_image":[{"url":"http:\/\/tudumblog.com\/wp-content\/uploads\/2025\/05\/Imagens-e-galeria-de-fotos-min-4-1.jpg","type":"","width":"","height":""}],"twitter_card":"summary_large_image","twitter_misc":{"Est. reading time":"2 minutes"},"schema":{"@context":"https:\/\/schema.org","@graph":[{"@type":"WebPage","@id":"https:\/\/tudumblog.com\/es\/sobre-el-blog\/","url":"https:\/\/tudumblog.com\/es\/sobre-el-blog\/","name":"About the Blog - Tudum blog","isPartOf":{"@id":"https:\/\/tudumblog.com\/#website"},"primaryImageOfPage":{"@id":"https:\/\/tudumblog.com\/es\/sobre-el-blog\/#primaryimage"},"image":{"@id":"https:\/\/tudumblog.com\/es\/sobre-el-blog\/#primaryimage"},"thumbnailUrl":"http:\/\/tudumblog.com\/wp-content\/uploads\/2025\/05\/Imagens-e-galeria-de-fotos-min-4-1.jpg","datePublished":"2025-05-05T21:47:55+00:00","dateModified":"2026-01-23T19:56:32+00:00","breadcrumb":{"@id":"https:\/\/tudumblog.com\/es\/sobre-el-blog\/#breadcrumb"},"inLanguage":"en-US","potentialAction":[{"@type":"ReadAction","target":["https:\/\/tudumblog.com\/es\/sobre-el-blog\/"]}]},{"@type":"ImageObject","inLanguage":"en-US","@id":"https:\/\/tudumblog.com\/es\/sobre-el-blog\/#primaryimage","url":"http:\/\/tudumblog.com\/wp-content\/uploads\/2025\/05\/Imagens-e-galeria-de-fotos-min-4-1.jpg","contentUrl":"http:\/\/tudumblog.com\/wp-content\/uploads\/2025\/05\/Imagens-e-galeria-de-fotos-min-4-1.jpg"},{"@type":"BreadcrumbList","@id":"https:\/\/tudumblog.com\/es\/sobre-el-blog\/#breadcrumb","itemListElement":[{"@type":"ListItem","position":1,"name":"In\u00edcio","item":"https:\/\/tudumblog.com\/"},{"@type":"ListItem","position":2,"name":"About the Blog"}]},{"@type":"WebSite","@id":"https:\/\/tudumblog.com\/#website","url":"https:\/\/tudumblog.com\/","name":"Tudum blog","description":"Informa\u00e7\u00e3o e conte\u00fado, tudo em um s\u00f3 lugar!","publisher":{"@id":"https:\/\/tudumblog.com\/#organization"},"potentialAction":[{"@type":"SearchAction","target":{"@type":"EntryPoint","urlTemplate":"https:\/\/tudumblog.com\/?s={search_term_string}"},"query-input":{"@type":"PropertyValueSpecification","valueRequired":true,"valueName":"search_term_string"}}],"inLanguage":"en-US"},{"@type":"Organization","@id":"https:\/\/tudumblog.com\/#organization","name":"Tudum blog","url":"https:\/\/tudumblog.com\/","logo":{"@type":"ImageObject","inLanguage":"en-US","@id":"https:\/\/tudumblog.com\/#\/schema\/logo\/image\/","url":"https:\/\/tudumblog.com\/wp-content\/uploads\/2025\/04\/Logo-Principal1-1.png","contentUrl":"https:\/\/tudumblog.com\/wp-content\/uploads\/2025\/04\/Logo-Principal1-1.png","width":290,"height":101,"caption":"Tudum blog"},"image":{"@id":"https:\/\/tudumblog.com\/#\/schema\/logo\/image\/"},"sameAs":["https:\/\/br.pinterest.com\/tudumblog","https:\/\/www.youtube.com\/@tudumblog"]}]}},"_links":{"self":[{"href":"https:\/\/tudumblog.com\/en\/wp-json\/wp\/v2\/pages\/10882","targetHints":{"allow":["GET"]}}],"collection":[{"href":"https:\/\/tudumblog.com\/en\/wp-json\/wp\/v2\/pages"}],"about":[{"href":"https:\/\/tudumblog.com\/en\/wp-json\/wp\/v2\/types\/page"}],"author":[{"embeddable":true,"href":"https:\/\/tudumblog.com\/en\/wp-json\/wp\/v2\/users\/1"}],"replies":[{"embeddable":true,"href":"https:\/\/tudumblog.com\/en\/wp-json\/wp\/v2\/comments?post=10882"}],"version-history":[{"count":25,"href":"https:\/\/tudumblog.com\/en\/wp-json\/wp\/v2\/pages\/10882\/revisions"}],"predecessor-version":[{"id":14964,"href":"https:\/\/tudumblog.com\/en\/wp-json\/wp\/v2\/pages\/10882\/revisions\/14964"}],"wp:attachment":[{"href":"https:\/\/tudumblog.com\/en\/wp-json\/wp\/v2\/media?parent=10882"}],"curies":[{"name":"wp","href":"https:\/\/api.w.org\/{rel}","templated":true}]}}