{"id":10823,"date":"2025-05-05T17:58:21","date_gmt":"2025-05-05T20:58:21","guid":{"rendered":"https:\/\/tudumblog.com\/?page_id=10823"},"modified":"2025-05-06T01:00:31","modified_gmt":"2025-05-06T04:00:31","slug":"contact","status":"publish","type":"page","link":"https:\/\/tudumblog.com\/en\/contact\/","title":{"rendered":"Contact"},"content":{"rendered":"\t\t<div data-elementor-type=\"wp-page\" data-elementor-id=\"10823\" class=\"elementor elementor-10823 elementor-10821\" data-elementor-post-type=\"page\">\n\t\t\t\t<div class=\"elementor-element elementor-element-2fde820 e-flex e-con-boxed e-con e-parent\" data-id=\"2fde820\" data-element_type=\"container\" data-e-type=\"container\" data-settings=\"{&quot;background_background&quot;:&quot;classic&quot;}\">\n\t\t\t\t\t<div class=\"e-con-inner\">\n\t\t<div class=\"elementor-element elementor-element-1bd6b11 e-con-full e-flex e-con e-child\" data-id=\"1bd6b11\" data-element_type=\"container\" data-e-type=\"container\">\n\t\t\t\t<div class=\"elementor-element elementor-element-70aea08 titulo1 elementor-widget elementor-widget-heading\" data-id=\"70aea08\" data-element_type=\"widget\" data-e-type=\"widget\" data-widget_type=\"heading.default\">\n\t\t\t\t<div class=\"elementor-widget-container\">\n\t\t\t\t\t<h2 class=\"elementor-heading-title elementor-size-default\">Get in Touch<\/h2>\t\t\t\t<\/div>\n\t\t\t\t<\/div>\n\t\t\t\t<div class=\"elementor-element elementor-element-de4c836 Color1 elementor-widget-divider--view-line elementor-widget elementor-widget-divider\" data-id=\"de4c836\" data-element_type=\"widget\" data-e-type=\"widget\" data-widget_type=\"divider.default\">\n\t\t\t\t<div class=\"elementor-widget-container\">\n\t\t\t\t\t\t\t<div class=\"elementor-divider\">\n\t\t\t<span class=\"elementor-divider-separator\">\n\t\t\t\t\t\t<\/span>\n\t\t<\/div>\n\t\t\t\t\t\t<\/div>\n\t\t\t\t<\/div>\n\t\t\t\t<\/div>\n\t\t\t\t\t<\/div>\n\t\t\t\t<\/div>\n\t\t<div class=\"elementor-element elementor-element-443d090 e-flex e-con-boxed e-con e-parent\" data-id=\"443d090\" data-element_type=\"container\" data-e-type=\"container\" data-settings=\"{&quot;background_background&quot;:&quot;classic&quot;}\">\n\t\t\t\t\t<div class=\"e-con-inner\">\n\t\t\t\t<div class=\"elementor-element elementor-element-4bdbbe2 elementor-widget__width-inherit elementor-widget elementor-widget-text-editor\" data-id=\"4bdbbe2\" data-element_type=\"widget\" data-e-type=\"widget\" data-widget_type=\"text-editor.default\">\n\t\t\t\t<div class=\"elementor-widget-container\">\n\t\t\t\t\t\t\t\t\t<p class=\"\" data-start=\"800\" data-end=\"946\">Fill out the entire form and our support team will contact you shortly!<\/p>\t\t\t\t\t\t\t\t<\/div>\n\t\t\t\t<\/div>\n\t\t<div class=\"elementor-element elementor-element-ed8a05c e-con-full e-flex e-con e-child\" data-id=\"ed8a05c\" data-element_type=\"container\" data-e-type=\"container\" data-settings=\"{&quot;background_background&quot;:&quot;classic&quot;}\">\n\t\t\t\t<div class=\"elementor-element elementor-element-81b8386 elementor-align-start elementor-icon-list--layout-traditional elementor-list-item-link-full_width elementor-widget elementor-widget-icon-list\" data-id=\"81b8386\" data-element_type=\"widget\" data-e-type=\"widget\" data-widget_type=\"icon-list.default\">\n\t\t\t\t<div class=\"elementor-widget-container\">\n\t\t\t\t\t\t\t<ul class=\"elementor-icon-list-items\">\n\t\t\t\t\t\t\t<li class=\"elementor-icon-list-item\">\n\t\t\t\t\t\t\t\t\t\t\t<span class=\"elementor-icon-list-icon\">\n\t\t\t\t\t\t\t<i aria-hidden=\"true\" class=\"far fa-envelope-open\"><\/i>\t\t\t\t\t\t<\/span>\n\t\t\t\t\t\t\t\t\t\t<span class=\"elementor-icon-list-text\">Contact Form<\/span>\n\t\t\t\t\t\t\t\t\t<\/li>\n\t\t\t\t\t\t<\/ul>\n\t\t\t\t\t\t<\/div>\n\t\t\t\t<\/div>\n\t\t\t\t<div class=\"elementor-element elementor-element-bb261fb elementor-button-align-center postform, BtnColors2 elementor-widget elementor-widget-form\" data-id=\"bb261fb\" data-element_type=\"widget\" data-e-type=\"widget\" data-settings=\"{&quot;step_next_label&quot;:&quot;Next&quot;,&quot;step_previous_label&quot;:&quot;Previous&quot;,&quot;button_width&quot;:&quot;100&quot;,&quot;step_type&quot;:&quot;number_text&quot;,&quot;step_icon_shape&quot;:&quot;circle&quot;}\" data-widget_type=\"form.default\">\n\t\t\t\t<div class=\"elementor-widget-container\">\n\t\t\t\t\t\t\t<form class=\"elementor-form\" method=\"post\" name=\"Ingl\u00eas - Formul\u00e1rio de contato Blog\" aria-label=\"Ingl\u00eas - Formul\u00e1rio de contato Blog\">\n\t\t\t<input type=\"hidden\" name=\"post_id\" value=\"10823\"\/>\n\t\t\t<input type=\"hidden\" name=\"form_id\" value=\"bb261fb\"\/>\n\t\t\t<input type=\"hidden\" name=\"referer_title\" value=\"Contact - Tudum blog\" \/>\n\n\t\t\t\t\t\t\t<input type=\"hidden\" name=\"queried_id\" value=\"10823\"\/>\n\t\t\t\n\t\t\t<div class=\"elementor-form-fields-wrapper elementor-labels-\">\n\t\t\t\t\t\t\t\t<div class=\"elementor-field-type-text elementor-field-group elementor-column elementor-field-group-field_0ab2caf elementor-col-50 elementor-field-required\">\n\t\t\t\t\t\t\t\t\t\t\t\t<label for=\"form-field-field_0ab2caf\" class=\"elementor-field-label elementor-screen-only\">\n\t\t\t\t\t\t\t\tName\t\t\t\t\t\t\t<\/label>\n\t\t\t\t\t\t\t\t\t\t\t\t\t\t<input size=\"1\" type=\"text\" name=\"form_fields[field_0ab2caf]\" id=\"form-field-field_0ab2caf\" class=\"elementor-field elementor-size-sm  elementor-field-textual\" placeholder=\"Full name\" required=\"required\">\n\t\t\t\t\t\t\t\t\t\t\t<\/div>\n\t\t\t\t\t\t\t\t<div class=\"elementor-field-type-email elementor-field-group elementor-column elementor-field-group-email elementor-col-50 elementor-field-required\">\n\t\t\t\t\t\t\t\t\t\t\t\t<label for=\"form-field-email\" class=\"elementor-field-label elementor-screen-only\">\n\t\t\t\t\t\t\t\tEmail\t\t\t\t\t\t\t<\/label>\n\t\t\t\t\t\t\t\t\t\t\t\t\t\t<input size=\"1\" type=\"email\" name=\"form_fields[email]\" id=\"form-field-email\" class=\"elementor-field elementor-size-sm  elementor-field-textual\" placeholder=\"Submit your Email\" required=\"required\">\n\t\t\t\t\t\t\t\t\t\t\t<\/div>\n\t\t\t\t\t\t\t\t<div class=\"elementor-field-type-textarea elementor-field-group elementor-column elementor-field-group-name elementor-col-100 elementor-field-required\">\n\t\t\t\t\t\t\t\t\t\t\t\t<label for=\"form-field-name\" class=\"elementor-field-label elementor-screen-only\">\n\t\t\t\t\t\t\t\tMessage\t\t\t\t\t\t\t<\/label>\n\t\t\t\t\t\t<textarea class=\"elementor-field-textual elementor-field  elementor-size-sm\" name=\"form_fields[name]\" id=\"form-field-name\" rows=\"4\" placeholder=\"Type your message...\" required=\"required\"><\/textarea>\t\t\t\t<\/div>\n\t\t\t\t\t\t\t\t<div class=\"elementor-field-type-recaptcha_v3 elementor-field-group elementor-column elementor-field-group-field_c2a049c elementor-col-100 recaptcha_v3-bottomright\">\n\t\t\t\t\t<div class=\"elementor-field\" id=\"form-field-field_c2a049c\"><div class=\"elementor-g-recaptcha\" data-sitekey=\"6LdMABsrAAAAACAT1KrOGsy4nWSU8bIQu5d_xc8Q\" data-type=\"v3\" data-action=\"Form\" data-badge=\"bottomright\" data-size=\"invisible\"><\/div><\/div>\t\t\t\t<\/div>\n\t\t\t\t\t\t\t\t<div class=\"elementor-field-group elementor-column elementor-field-type-submit elementor-col-100 e-form__buttons\">\n\t\t\t\t\t<button class=\"elementor-button elementor-size-md\" type=\"submit\">\n\t\t\t\t\t\t<span class=\"elementor-button-content-wrapper\">\n\t\t\t\t\t\t\t\t\t\t\t\t\t\t\t\t\t\t\t\t\t\t<span class=\"elementor-button-text\">SEND MESSAGE<\/span>\n\t\t\t\t\t\t\t\t\t\t\t\t\t<\/span>\n\t\t\t\t\t<\/button>\n\t\t\t\t<\/div>\n\t\t\t<\/div>\n\t\t<\/form>\n\t\t\t\t\t\t<\/div>\n\t\t\t\t<\/div>\n\t\t\t\t<\/div>\n\t\t\t\t\t<\/div>\n\t\t\t\t<\/div>\n\t\t\t\t<\/div>\n\t\t","protected":false},"excerpt":{"rendered":"<p>Get in Touch Fill out the entire form and our support team will contact you shortly! Contact Form<\/p>\n","protected":false},"author":1,"featured_media":0,"parent":0,"menu_order":0,"comment_status":"closed","ping_status":"closed","template":"elementor_header_footer","meta":{"footnotes":""},"class_list":["post-10823","page","type-page","status-publish","hentry"],"yoast_head":"<!-- This site is optimized with the Yoast SEO Premium plugin v26.0 (Yoast SEO v26.0) - https:\/\/yoast.com\/wordpress\/plugins\/seo\/ -->\n<title>Contact - Tudum blog<\/title>\n<meta name=\"robots\" content=\"index, follow, max-snippet:-1, max-image-preview:large, max-video-preview:-1\" \/>\n<link rel=\"canonical\" href=\"https:\/\/tudumblog.com\/en\/contact\/\" \/>\n<meta property=\"og:locale\" content=\"en_US\" \/>\n<meta property=\"og:type\" content=\"article\" \/>\n<meta property=\"og:title\" content=\"Contact\" \/>\n<meta property=\"og:description\" content=\"Get in Touch Fill out the entire form and our support team will contact you shortly! Contact Form\" \/>\n<meta property=\"og:url\" content=\"https:\/\/tudumblog.com\/en\/contact\/\" \/>\n<meta property=\"og:site_name\" content=\"Tudum blog\" \/>\n<meta property=\"article:modified_time\" content=\"2025-05-06T04:00:31+00:00\" \/>\n<meta name=\"twitter:card\" content=\"summary_large_image\" \/>\n<script type=\"application\/ld+json\" class=\"yoast-schema-graph\">{\"@context\":\"https:\/\/schema.org\",\"@graph\":[{\"@type\":\"WebPage\",\"@id\":\"https:\/\/tudumblog.com\/en\/contact\/\",\"url\":\"https:\/\/tudumblog.com\/en\/contact\/\",\"name\":\"Contact - Tudum blog\",\"isPartOf\":{\"@id\":\"https:\/\/tudumblog.com\/#website\"},\"datePublished\":\"2025-05-05T20:58:21+00:00\",\"dateModified\":\"2025-05-06T04:00:31+00:00\",\"breadcrumb\":{\"@id\":\"https:\/\/tudumblog.com\/en\/contact\/#breadcrumb\"},\"inLanguage\":\"en-US\",\"potentialAction\":[{\"@type\":\"ReadAction\",\"target\":[\"https:\/\/tudumblog.com\/en\/contact\/\"]}]},{\"@type\":\"BreadcrumbList\",\"@id\":\"https:\/\/tudumblog.com\/en\/contact\/#breadcrumb\",\"itemListElement\":[{\"@type\":\"ListItem\",\"position\":1,\"name\":\"In\u00edcio\",\"item\":\"https:\/\/tudumblog.com\/\"},{\"@type\":\"ListItem\",\"position\":2,\"name\":\"Contact\"}]},{\"@type\":\"WebSite\",\"@id\":\"https:\/\/tudumblog.com\/#website\",\"url\":\"https:\/\/tudumblog.com\/\",\"name\":\"Tudum blog\",\"description\":\"Informa\u00e7\u00e3o e conte\u00fado, tudo em um s\u00f3 lugar!\",\"publisher\":{\"@id\":\"https:\/\/tudumblog.com\/#organization\"},\"potentialAction\":[{\"@type\":\"SearchAction\",\"target\":{\"@type\":\"EntryPoint\",\"urlTemplate\":\"https:\/\/tudumblog.com\/?s={search_term_string}\"},\"query-input\":{\"@type\":\"PropertyValueSpecification\",\"valueRequired\":true,\"valueName\":\"search_term_string\"}}],\"inLanguage\":\"en-US\"},{\"@type\":\"Organization\",\"@id\":\"https:\/\/tudumblog.com\/#organization\",\"name\":\"Tudum blog\",\"url\":\"https:\/\/tudumblog.com\/\",\"logo\":{\"@type\":\"ImageObject\",\"inLanguage\":\"en-US\",\"@id\":\"https:\/\/tudumblog.com\/#\/schema\/logo\/image\/\",\"url\":\"https:\/\/tudumblog.com\/wp-content\/uploads\/2025\/04\/Logo-Principal1-1.png\",\"contentUrl\":\"https:\/\/tudumblog.com\/wp-content\/uploads\/2025\/04\/Logo-Principal1-1.png\",\"width\":290,\"height\":101,\"caption\":\"Tudum blog\"},\"image\":{\"@id\":\"https:\/\/tudumblog.com\/#\/schema\/logo\/image\/\"},\"sameAs\":[\"https:\/\/br.pinterest.com\/tudumblog\",\"https:\/\/www.youtube.com\/@tudumblog\"]}]}<\/script>\n<!-- \/ Yoast SEO Premium plugin. -->","yoast_head_json":{"title":"Contact - Tudum blog","robots":{"index":"index","follow":"follow","max-snippet":"max-snippet:-1","max-image-preview":"max-image-preview:large","max-video-preview":"max-video-preview:-1"},"canonical":"https:\/\/tudumblog.com\/en\/contact\/","og_locale":"en_US","og_type":"article","og_title":"Contact","og_description":"Get in Touch Fill out the entire form and our support team will contact you shortly! Contact Form","og_url":"https:\/\/tudumblog.com\/en\/contact\/","og_site_name":"Tudum blog","article_modified_time":"2025-05-06T04:00:31+00:00","twitter_card":"summary_large_image","schema":{"@context":"https:\/\/schema.org","@graph":[{"@type":"WebPage","@id":"https:\/\/tudumblog.com\/en\/contact\/","url":"https:\/\/tudumblog.com\/en\/contact\/","name":"Contact - Tudum blog","isPartOf":{"@id":"https:\/\/tudumblog.com\/#website"},"datePublished":"2025-05-05T20:58:21+00:00","dateModified":"2025-05-06T04:00:31+00:00","breadcrumb":{"@id":"https:\/\/tudumblog.com\/en\/contact\/#breadcrumb"},"inLanguage":"en-US","potentialAction":[{"@type":"ReadAction","target":["https:\/\/tudumblog.com\/en\/contact\/"]}]},{"@type":"BreadcrumbList","@id":"https:\/\/tudumblog.com\/en\/contact\/#breadcrumb","itemListElement":[{"@type":"ListItem","position":1,"name":"In\u00edcio","item":"https:\/\/tudumblog.com\/"},{"@type":"ListItem","position":2,"name":"Contact"}]},{"@type":"WebSite","@id":"https:\/\/tudumblog.com\/#website","url":"https:\/\/tudumblog.com\/","name":"Tudum blog","description":"Informa\u00e7\u00e3o e conte\u00fado, tudo em um s\u00f3 lugar!","publisher":{"@id":"https:\/\/tudumblog.com\/#organization"},"potentialAction":[{"@type":"SearchAction","target":{"@type":"EntryPoint","urlTemplate":"https:\/\/tudumblog.com\/?s={search_term_string}"},"query-input":{"@type":"PropertyValueSpecification","valueRequired":true,"valueName":"search_term_string"}}],"inLanguage":"en-US"},{"@type":"Organization","@id":"https:\/\/tudumblog.com\/#organization","name":"Tudum blog","url":"https:\/\/tudumblog.com\/","logo":{"@type":"ImageObject","inLanguage":"en-US","@id":"https:\/\/tudumblog.com\/#\/schema\/logo\/image\/","url":"https:\/\/tudumblog.com\/wp-content\/uploads\/2025\/04\/Logo-Principal1-1.png","contentUrl":"https:\/\/tudumblog.com\/wp-content\/uploads\/2025\/04\/Logo-Principal1-1.png","width":290,"height":101,"caption":"Tudum blog"},"image":{"@id":"https:\/\/tudumblog.com\/#\/schema\/logo\/image\/"},"sameAs":["https:\/\/br.pinterest.com\/tudumblog","https:\/\/www.youtube.com\/@tudumblog"]}]}},"_links":{"self":[{"href":"https:\/\/tudumblog.com\/en\/wp-json\/wp\/v2\/pages\/10823","targetHints":{"allow":["GET"]}}],"collection":[{"href":"https:\/\/tudumblog.com\/en\/wp-json\/wp\/v2\/pages"}],"about":[{"href":"https:\/\/tudumblog.com\/en\/wp-json\/wp\/v2\/types\/page"}],"author":[{"embeddable":true,"href":"https:\/\/tudumblog.com\/en\/wp-json\/wp\/v2\/users\/1"}],"replies":[{"embeddable":true,"href":"https:\/\/tudumblog.com\/en\/wp-json\/wp\/v2\/comments?post=10823"}],"version-history":[{"count":10,"href":"https:\/\/tudumblog.com\/en\/wp-json\/wp\/v2\/pages\/10823\/revisions"}],"predecessor-version":[{"id":10977,"href":"https:\/\/tudumblog.com\/en\/wp-json\/wp\/v2\/pages\/10823\/revisions\/10977"}],"wp:attachment":[{"href":"https:\/\/tudumblog.com\/en\/wp-json\/wp\/v2\/media?parent=10823"}],"curies":[{"name":"wp","href":"https:\/\/api.w.org\/{rel}","templated":true}]}}